{"id":1922,"date":"2021-05-30T15:53:23","date_gmt":"2021-05-30T15:53:23","guid":{"rendered":"https:\/\/vedaleben.de\/?page_id=1922"},"modified":"2021-05-30T15:55:54","modified_gmt":"2021-05-30T15:55:54","slug":"our-blog","status":"publish","type":"page","link":"https:\/\/vedaleben.de\/de\/our-blog\/","title":{"rendered":"Blog"},"content":{"rendered":"<div class=\"wp-block-columns are-vertically-aligned-bottom is-layout-flex wp-container-core-columns-is-layout-9d6595d7 wp-block-columns-is-layout-flex\">\n<div class=\"wp-block-column is-vertically-aligned-bottom is-layout-flow wp-block-column-is-layout-flow\" style=\"flex-basis:100%\">\n<div class=\"wp-block-group\"><div class=\"wp-block-group__inner-container is-layout-flow wp-block-group-is-layout-flow\">\r\n\t        <div class=\"gbt_18_mt_posts_grid aligncenter\">\r\n\r\n\t    \t\t<div class=\"gbt_18_mt_posts_grid_wrapper columns-3\">\r\n\r\n\t\t            <div class=\"gbt_18_mt_posts_grid_items\">\r\n\r\n\t\t\t            \r\n\t\t\t                \r\n\t\t\t                <div class=\"gbt_18_mt_posts_grid_item standard\">\r\n\r\n\t\t\t\t\t\t\t\t<a class=\"gbt_18_mt_posts_grid_item_link\" href=\"https:\/\/vedaleben.de\/de\/?post_type=post&#038;p=1\">\r\n\t\t\t\t\t\t\t\t\t<span class=\"gbt_18_mt_posts_grid_img_container\">\r\n\r\n\t\t\t\t\t\t\t\t\t\t\t\t\t\t\t\t\t\t\t\t\t<span class=\"gbt_18_mt_posts_grid_img gbt_18_mt_posts_grid_with_img\" style=\"background-image: url(https:\/\/vedaleben.de\/wp-content\/uploads\/2020\/12\/Ayurvedic-Khichdi.jpg );\"><\/span>\r\n\t\t\t\t\t\t\t\t\t\t\r\n\t\t\t\t\t\t\t\t\t\t<span class=\"more-link\">Read more<span class=\"arrow-icon\"><\/span><\/span>\r\n\t\t\t\t\t\t\t\t\t<\/span>\r\n\r\n\t\t\t\t\t\t\t\t\t<h4 class=\"gbt_18_mt_posts_grid_title\" href=\"https:\/\/vedaleben.de\/de\/?post_type=post&#038;p=1\">Ayurvedisches Khichdi Rezept<\/h4>\r\n\t\t\t\t\t\t\t\t<\/a>\r\n\r\n\t\t\t                <\/div>\r\n\r\n\t\t\t            \r\n\t\t\t                \r\n\t\t\t                <div class=\"gbt_18_mt_posts_grid_item standard\">\r\n\r\n\t\t\t\t\t\t\t\t<a class=\"gbt_18_mt_posts_grid_item_link\" href=\"https:\/\/vedaleben.de\/de\/?post_type=post&#038;p=34\">\r\n\t\t\t\t\t\t\t\t\t<span class=\"gbt_18_mt_posts_grid_img_container\">\r\n\r\n\t\t\t\t\t\t\t\t\t\t\t\t\t\t\t\t\t\t\t\t\t<span class=\"gbt_18_mt_posts_grid_img gbt_18_mt_posts_grid_with_img\" style=\"background-image: url(https:\/\/vedaleben.de\/wp-content\/uploads\/2015\/11\/clay-pots-2312074_640.jpg );\"><\/span>\r\n\t\t\t\t\t\t\t\t\t\t\r\n\t\t\t\t\t\t\t\t\t\t<span class=\"more-link\">Read more<span class=\"arrow-icon\"><\/span><\/span>\r\n\t\t\t\t\t\t\t\t\t<\/span>\r\n\r\n\t\t\t\t\t\t\t\t\t<h4 class=\"gbt_18_mt_posts_grid_title\" href=\"https:\/\/vedaleben.de\/de\/?post_type=post&#038;p=34\">Ultimative Einf\u00fchrung in ayurvedische Tongef\u00e4\u00dfe<\/h4>\r\n\t\t\t\t\t\t\t\t<\/a>\r\n\r\n\t\t\t                <\/div>\r\n\r\n\t\t\t            \r\n\t\t\t                \r\n\t\t\t                <div class=\"gbt_18_mt_posts_grid_item standard\">\r\n\r\n\t\t\t\t\t\t\t\t<a class=\"gbt_18_mt_posts_grid_item_link\" href=\"https:\/\/vedaleben.de\/de\/?post_type=post&#038;p=32\">\r\n\t\t\t\t\t\t\t\t\t<span class=\"gbt_18_mt_posts_grid_img_container\">\r\n\r\n\t\t\t\t\t\t\t\t\t\t\t\t\t\t\t\t\t\t\t\t\t<span class=\"gbt_18_mt_posts_grid_img gbt_18_mt_posts_grid_with_img\" style=\"background-image: url(https:\/\/vedaleben.de\/wp-content\/uploads\/2015\/11\/Ayurvedic-spices-1024x1024.png );\"><\/span>\r\n\t\t\t\t\t\t\t\t\t\t\r\n\t\t\t\t\t\t\t\t\t\t<span class=\"more-link\">Read more<span class=\"arrow-icon\"><\/span><\/span>\r\n\t\t\t\t\t\t\t\t\t<\/span>\r\n\r\n\t\t\t\t\t\t\t\t\t<h4 class=\"gbt_18_mt_posts_grid_title\" href=\"https:\/\/vedaleben.de\/de\/?post_type=post&#038;p=32\">Ayurvedische Kr\u00e4uter &amp; Gew\u00fcrze: Die heilende Kraft der Natur<\/h4>\r\n\t\t\t\t\t\t\t\t<\/a>\r\n\r\n\t\t\t                <\/div>\r\n\r\n\t\t\t            \r\n\t\t\t        <\/div>\r\n\t\t\t\t<\/div>\r\n\t\t\t<\/div>\r\n\r\n\t\t<\/div><\/div>\n<\/div>\n<\/div>\n\n\n\n<p><\/p>","protected":false},"excerpt":{"rendered":"","protected":false},"author":1,"featured_media":0,"parent":0,"menu_order":0,"comment_status":"closed","ping_status":"closed","template":"","meta":{"footnotes":""},"class_list":["post-1922","page","type-page","status-publish","hentry"],"yoast_head":"<!-- This site is optimized with the Yoast SEO plugin v27.3 - https:\/\/yoast.com\/product\/yoast-seo-wordpress\/ -->\n<title>Blog - Vedaleben<\/title>\n<meta name=\"robots\" content=\"index, follow, max-snippet:-1, max-image-preview:large, max-video-preview:-1\" \/>\n<link rel=\"canonical\" href=\"https:\/\/vedaleben.de\/de\/our-blog\/\" \/>\n<meta property=\"og:locale\" content=\"de_DE\" \/>\n<meta property=\"og:type\" content=\"article\" \/>\n<meta property=\"og:title\" content=\"Blog - Vedaleben\" \/>\n<meta property=\"og:url\" content=\"https:\/\/vedaleben.de\/de\/our-blog\/\" \/>\n<meta property=\"og:site_name\" content=\"Vedaleben\" \/>\n<meta property=\"article:modified_time\" content=\"2021-05-30T15:55:54+00:00\" \/>\n<meta name=\"twitter:card\" content=\"summary_large_image\" \/>\n<script type=\"application\/ld+json\" class=\"yoast-schema-graph\">{\"@context\":\"https:\\\/\\\/schema.org\",\"@graph\":[{\"@type\":\"WebPage\",\"@id\":\"https:\\\/\\\/vedaleben.de\\\/en\\\/our-blog\\\/\",\"url\":\"https:\\\/\\\/vedaleben.de\\\/en\\\/our-blog\\\/\",\"name\":\"Blog - Vedaleben\",\"isPartOf\":{\"@id\":\"https:\\\/\\\/vedaleben.de\\\/en\\\/#website\"},\"datePublished\":\"2021-05-30T15:53:23+00:00\",\"dateModified\":\"2021-05-30T15:55:54+00:00\",\"breadcrumb\":{\"@id\":\"https:\\\/\\\/vedaleben.de\\\/en\\\/our-blog\\\/#breadcrumb\"},\"inLanguage\":\"de\",\"potentialAction\":[{\"@type\":\"ReadAction\",\"target\":[\"https:\\\/\\\/vedaleben.de\\\/en\\\/our-blog\\\/\"]}]},{\"@type\":\"BreadcrumbList\",\"@id\":\"https:\\\/\\\/vedaleben.de\\\/en\\\/our-blog\\\/#breadcrumb\",\"itemListElement\":[{\"@type\":\"ListItem\",\"position\":1,\"name\":\"Home\",\"item\":\"https:\\\/\\\/vedaleben.de\\\/\"},{\"@type\":\"ListItem\",\"position\":2,\"name\":\"Blog\"}]},{\"@type\":\"WebSite\",\"@id\":\"https:\\\/\\\/vedaleben.de\\\/en\\\/#website\",\"url\":\"https:\\\/\\\/vedaleben.de\\\/en\\\/\",\"name\":\"Vedaleben\",\"description\":\"Vedaleben\",\"potentialAction\":[{\"@type\":\"SearchAction\",\"target\":{\"@type\":\"EntryPoint\",\"urlTemplate\":\"https:\\\/\\\/vedaleben.de\\\/en\\\/?s={search_term_string}\"},\"query-input\":{\"@type\":\"PropertyValueSpecification\",\"valueRequired\":true,\"valueName\":\"search_term_string\"}}],\"inLanguage\":\"de\"}]}<\/script>\n<!-- \/ Yoast SEO plugin. -->","yoast_head_json":{"title":"Blog - Vedaleben","robots":{"index":"index","follow":"follow","max-snippet":"max-snippet:-1","max-image-preview":"max-image-preview:large","max-video-preview":"max-video-preview:-1"},"canonical":"https:\/\/vedaleben.de\/de\/our-blog\/","og_locale":"de_DE","og_type":"article","og_title":"Blog - Vedaleben","og_url":"https:\/\/vedaleben.de\/de\/our-blog\/","og_site_name":"Vedaleben","article_modified_time":"2021-05-30T15:55:54+00:00","twitter_card":"summary_large_image","schema":{"@context":"https:\/\/schema.org","@graph":[{"@type":"WebPage","@id":"https:\/\/vedaleben.de\/en\/our-blog\/","url":"https:\/\/vedaleben.de\/en\/our-blog\/","name":"Blog - Vedaleben","isPartOf":{"@id":"https:\/\/vedaleben.de\/en\/#website"},"datePublished":"2021-05-30T15:53:23+00:00","dateModified":"2021-05-30T15:55:54+00:00","breadcrumb":{"@id":"https:\/\/vedaleben.de\/en\/our-blog\/#breadcrumb"},"inLanguage":"de","potentialAction":[{"@type":"ReadAction","target":["https:\/\/vedaleben.de\/en\/our-blog\/"]}]},{"@type":"BreadcrumbList","@id":"https:\/\/vedaleben.de\/en\/our-blog\/#breadcrumb","itemListElement":[{"@type":"ListItem","position":1,"name":"Home","item":"https:\/\/vedaleben.de\/"},{"@type":"ListItem","position":2,"name":"Blog"}]},{"@type":"WebSite","@id":"https:\/\/vedaleben.de\/en\/#website","url":"https:\/\/vedaleben.de\/en\/","name":"Vedaleben","description":"Vedaleben","potentialAction":[{"@type":"SearchAction","target":{"@type":"EntryPoint","urlTemplate":"https:\/\/vedaleben.de\/en\/?s={search_term_string}"},"query-input":{"@type":"PropertyValueSpecification","valueRequired":true,"valueName":"search_term_string"}}],"inLanguage":"de"}]}},"jetpack_sharing_enabled":true,"_links":{"self":[{"href":"https:\/\/vedaleben.de\/de\/wp-json\/wp\/v2\/pages\/1922","targetHints":{"allow":["GET"]}}],"collection":[{"href":"https:\/\/vedaleben.de\/de\/wp-json\/wp\/v2\/pages"}],"about":[{"href":"https:\/\/vedaleben.de\/de\/wp-json\/wp\/v2\/types\/page"}],"author":[{"embeddable":true,"href":"https:\/\/vedaleben.de\/de\/wp-json\/wp\/v2\/users\/1"}],"replies":[{"embeddable":true,"href":"https:\/\/vedaleben.de\/de\/wp-json\/wp\/v2\/comments?post=1922"}],"version-history":[{"count":5,"href":"https:\/\/vedaleben.de\/de\/wp-json\/wp\/v2\/pages\/1922\/revisions"}],"predecessor-version":[{"id":1927,"href":"https:\/\/vedaleben.de\/de\/wp-json\/wp\/v2\/pages\/1922\/revisions\/1927"}],"wp:attachment":[{"href":"https:\/\/vedaleben.de\/de\/wp-json\/wp\/v2\/media?parent=1922"}],"curies":[{"name":"wp","href":"https:\/\/api.w.org\/{rel}","templated":true}]}}