{"id":1966,"date":"2021-10-06T09:36:42","date_gmt":"2021-10-06T09:36:42","guid":{"rendered":"https:\/\/vedaleben.de\/?page_id=1966"},"modified":"2022-03-13T18:05:02","modified_gmt":"2022-03-13T18:05:02","slug":"work-with-us","status":"publish","type":"page","link":"https:\/\/vedaleben.de\/de\/work-with-us\/","title":{"rendered":"Mit uns arbeiten"},"content":{"rendered":"<h2>Geld verdienen mit Vedalebens Affiliate-Programm<\/h2>\n<p>Empfehlen Sie Kunden an Vedaleben weiter und verdienen Sie Provisionen f\u00fcr deren Eink\u00e4ufe. Werden Sie noch heute Mitglied und steigern Sie Ihren Umsatz.<\/p>\n\n\n<div class=\"wp-block-media-text alignwide is-stacked-on-mobile\"><figure class=\"wp-block-media-text__media\"><img loading=\"lazy\" decoding=\"async\" width=\"1024\" height=\"683\" src=\"https:\/\/vedaleben.de\/wp-content\/uploads\/2022\/03\/laptop-1024x683.jpg\" alt=\"\" class=\"wp-image-2022 size-full\" srcset=\"https:\/\/vedaleben.de\/wp-content\/uploads\/2022\/03\/laptop-1024x683.jpg 1024w, https:\/\/vedaleben.de\/wp-content\/uploads\/2022\/03\/laptop-300x200.jpg 300w, https:\/\/vedaleben.de\/wp-content\/uploads\/2022\/03\/laptop-768x512.jpg 768w, https:\/\/vedaleben.de\/wp-content\/uploads\/2022\/03\/laptop-1536x1024.jpg 1536w, https:\/\/vedaleben.de\/wp-content\/uploads\/2022\/03\/laptop-2048x1365.jpg 2048w, https:\/\/vedaleben.de\/wp-content\/uploads\/2022\/03\/laptop-18x12.jpg 18w, https:\/\/vedaleben.de\/wp-content\/uploads\/2022\/03\/laptop-350x233.jpg 350w, https:\/\/vedaleben.de\/wp-content\/uploads\/2022\/03\/laptop-570x380.jpg 570w\" sizes=\"auto, (max-width: 1024px) 100vw, 1024px\" \/><\/figure><div class=\"wp-block-media-text__content\">\n\n\n<h4 class=\"wp-block-heading\">Werbung leicht gemacht<\/h4>\n\n\n\n<p>Bewerben Sie unsere Tonprodukte \u00fcberall \u00fcber pers\u00f6nliche Gutscheincodes \/ Empfehlungslinks, oder verwenden Sie unsere vorgefertigten Banner, E-Mails und mehr.\u00a0Sparen Sie Zeit und Geld bei der Erstellung von Inhalten, indem Sie auf Vedaleben-Blogs verlinken, die wir f\u00fcr Ihr Publikum entwickelt haben.<\/p>\n\n\n\n<h4 class=\"wp-block-heading\">Faire und transparente Provisionen<\/h4>\n\n\n\n<p>Sie erhalten eine feste prozentuale Provision auf alle Bestellungen Ihrer Empfehlungen, ohne Obergrenzen, Verpflichtungen oder Mindestanforderungen. Je mehr Empfehlungen Sie durch das Programm erhalten, desto h\u00f6her kann Ihre Provisionsstufe werden.<\/p>\n<\/div><\/div>\n\n\n\n<div class=\"wp-block-media-text alignwide is-stacked-on-mobile\"><figure class=\"wp-block-media-text__media\"><img loading=\"lazy\" decoding=\"async\" width=\"1024\" height=\"741\" src=\"https:\/\/vedaleben.de\/wp-content\/uploads\/2022\/03\/Track-1024x741.jpg\" alt=\"\" class=\"wp-image-2025 size-full\" srcset=\"https:\/\/vedaleben.de\/wp-content\/uploads\/2022\/03\/Track-1024x741.jpg 1024w, https:\/\/vedaleben.de\/wp-content\/uploads\/2022\/03\/Track-300x217.jpg 300w, https:\/\/vedaleben.de\/wp-content\/uploads\/2022\/03\/Track-768x556.jpg 768w, https:\/\/vedaleben.de\/wp-content\/uploads\/2022\/03\/Track-1536x1112.jpg 1536w, https:\/\/vedaleben.de\/wp-content\/uploads\/2022\/03\/Track-2048x1482.jpg 2048w, https:\/\/vedaleben.de\/wp-content\/uploads\/2022\/03\/Track-18x12.jpg 18w, https:\/\/vedaleben.de\/wp-content\/uploads\/2022\/03\/Track-350x253.jpg 350w, https:\/\/vedaleben.de\/wp-content\/uploads\/2022\/03\/Track-570x413.jpg 570w\" sizes=\"auto, (max-width: 1024px) 100vw, 1024px\" \/><\/figure><div class=\"wp-block-media-text__content\">\n<h4 class=\"wp-block-heading\">Leistungsstarkes Tracking<\/h4>\n\n\n\n<p>Unser Partner-Dashboard bietet einen umfassenden \u00dcberblick \u00fcber Ihre Klicks, Versuche, Verk\u00e4ufe und Provisionen. Sie k\u00f6nnen Ihre Einnahmen einsehen und Ihre Leistung verfolgen.<\/p>\n\n\n\n<h4 class=\"wp-block-heading\">Volle Flexibilit\u00e4t und einfaches Onboarding<\/h4>\n\n\n\n<p>Die Teilnahme an dem Programm ist kostenlos und kann jederzeit beendet werden. Die Antr\u00e4ge werden innerhalb von 3 Werktagen bearbeitet.<\/p>\n<\/div><\/div>\n\n\n\n<div class=\"schema-faq wp-block-yoast-faq-block\"><div class=\"schema-faq-section\" id=\"faq-question-1647183966788\"><strong class=\"schema-faq-question\">Was ist das Affiliate-Programm von Vedaleben?<\/strong> <p class=\"schema-faq-answer\">Das Vedaleben Affiliate Programm ist offen f\u00fcr alle interessierten Einzelpersonen, Unternehmer, P\u00e4dagogen, Influencer und Content Creators. Das Programm erm\u00f6glicht es Ihnen, Ihr Publikum zu monetarisieren und Provisionen von jeder neuen Vedaleben-H\u00e4ndlerempfehlung zu verdienen. Die Teilnahme an unserem Programm ist kostenlos und kann jederzeit gek\u00fcndigt werden.<\/p> <\/div> <div class=\"schema-faq-section\" id=\"faq-question-1647184164937\"><strong class=\"schema-faq-question\">Welche Voraussetzungen muss ich f\u00fcr eine Bewerbung erf\u00fcllen?<\/strong> <p class=\"schema-faq-answer\">Es gibt keine formalen Anforderungen an die Bewerber. <br\/>- Sie haben ein etabliertes Publikum \/ Follower<br\/>- Erstellen Sie originelle Inhalte, z. B. Blogbeitr\u00e4ge oder Videos<\/p> <\/div> <div class=\"schema-faq-section\" id=\"faq-question-1647184039961\"><strong class=\"schema-faq-question\">Wie erfahre ich, dass meine Bewerbung angenommen wurde?<\/strong> <p class=\"schema-faq-answer\">Wir werden Ihren Antrag sorgf\u00e4ltig pr\u00fcfen und in den meisten F\u00e4llen werden die Antr\u00e4ge innerhalb von 3 Werktagen bearbeitet. Wenn Ihre Bewerbung genehmigt wird, erhalten Sie eine E-Mail mit einem Affiliate-Link\/Coupon, um f\u00fcr Vedaleben zu werben, sowie einige Tools, die Ihnen den Einstieg erleichtern.<\/p> <\/div> <div class=\"schema-faq-section\" id=\"faq-question-1647184063521\"><strong class=\"schema-faq-question\">Wie ist die Provisionsstruktur?<\/strong> <p class=\"schema-faq-answer\">Sie sind berechtigt, eine Provision f\u00fcr Kunden zu erhalten, die \u00fcber Ihren Partnerlink und Gutscheincode einkaufen. Es gibt keine maximale Anzahl von H\u00e4ndlern, die Sie vermitteln k\u00f6nnen, wir m\u00f6chten, dass Sie so viel wie m\u00f6glich verdienen.<\/p> <\/div> <\/div>\n\n\n<h4>Kontaktieren Sie uns und melden Sie sich noch heute an<\/h4>\n\n\n<div class=\"wp-block-columns is-layout-flex wp-container-core-columns-is-layout-9d6595d7 wp-block-columns-is-layout-flex\">\n<div class=\"wp-block-column is-layout-flow wp-block-column-is-layout-flow\">\n<figure class=\"wp-block-image size-large\"><img loading=\"lazy\" decoding=\"async\" width=\"683\" height=\"1024\" src=\"https:\/\/vedaleben.de\/wp-content\/uploads\/2022\/03\/email-683x1024.jpg\" alt=\"\" class=\"wp-image-2026\" srcset=\"https:\/\/vedaleben.de\/wp-content\/uploads\/2022\/03\/email-683x1024.jpg 683w, https:\/\/vedaleben.de\/wp-content\/uploads\/2022\/03\/email-200x300.jpg 200w, https:\/\/vedaleben.de\/wp-content\/uploads\/2022\/03\/email-768x1152.jpg 768w, https:\/\/vedaleben.de\/wp-content\/uploads\/2022\/03\/email-1024x1536.jpg 1024w, https:\/\/vedaleben.de\/wp-content\/uploads\/2022\/03\/email-1365x2048.jpg 1365w, https:\/\/vedaleben.de\/wp-content\/uploads\/2022\/03\/email-8x12.jpg 8w, https:\/\/vedaleben.de\/wp-content\/uploads\/2022\/03\/email-350x525.jpg 350w, https:\/\/vedaleben.de\/wp-content\/uploads\/2022\/03\/email-570x855.jpg 570w, https:\/\/vedaleben.de\/wp-content\/uploads\/2022\/03\/email-scaled.jpg 1707w\" sizes=\"auto, (max-width: 683px) 100vw, 683px\" \/><\/figure>\n<\/div>\n\n\n\n<div class=\"wp-block-column is-layout-flow wp-block-column-is-layout-flow\">\n<div class=\"wp-block-contact-form-7-contact-form-selector\">\n<div class=\"wpcf7 no-js\" id=\"wpcf7-f2013-o1\" lang=\"de-DE\" dir=\"ltr\" data-wpcf7-id=\"2013\">\n<div class=\"screen-reader-response\"><p role=\"status\" aria-live=\"polite\" aria-atomic=\"true\"><\/p> <ul><\/ul><\/div>\n<form action=\"\/de\/wp-json\/wp\/v2\/pages\/1966#wpcf7-f2013-o1\" method=\"post\" class=\"wpcf7-form init\" aria-label=\"Kontaktformular\" novalidate=\"novalidate\" data-status=\"init\" data-trp-original-action=\"\/de\/wp-json\/wp\/v2\/pages\/1966#wpcf7-f2013-o1\">\n<fieldset class=\"hidden-fields-container\"><input type=\"hidden\" name=\"_wpcf7\" value=\"2013\" \/><input type=\"hidden\" name=\"_wpcf7_version\" value=\"6.1.5\" \/><input type=\"hidden\" name=\"_wpcf7_locale\" value=\"de_DE\" \/><input type=\"hidden\" name=\"_wpcf7_unit_tag\" value=\"wpcf7-f2013-o1\" \/><input type=\"hidden\" name=\"_wpcf7_container_post\" value=\"0\" \/><input type=\"hidden\" name=\"_wpcf7_posted_data_hash\" value=\"\" \/>\n<\/fieldset>\n<p><label> Dein Name<br \/>\n<span class=\"wpcf7-form-control-wrap\" data-name=\"your-name\"><input size=\"40\" maxlength=\"400\" class=\"wpcf7-form-control wpcf7-text wpcf7-validates-as-required\" aria-required=\"true\" aria-invalid=\"false\" value=\"\" type=\"text\" name=\"your-name\" \/><\/span> <\/label>\n<\/p>\n<p><label> Deine E-Mail Adresse<br \/>\n<span class=\"wpcf7-form-control-wrap\" data-name=\"your-email\"><input size=\"40\" maxlength=\"400\" class=\"wpcf7-form-control wpcf7-email wpcf7-validates-as-required wpcf7-text wpcf7-validates-as-email\" aria-required=\"true\" aria-invalid=\"false\" value=\"\" type=\"email\" name=\"your-email\" \/><\/span> <\/label>\n<\/p>\n<p><label> Deine Nachricht (optional)<br \/>\n<span class=\"wpcf7-form-control-wrap\" data-name=\"your-message\"><textarea cols=\"40\" rows=\"10\" maxlength=\"2000\" class=\"wpcf7-form-control wpcf7-textarea\" aria-invalid=\"false\" name=\"your-message\"><\/textarea><\/span> <\/label>\n<\/p>\n<p><label> Deine Social Media Accounts \/ Webseiten (optional)<br \/>\n<span class=\"wpcf7-form-control-wrap\" data-name=\"your-message\"><textarea cols=\"40\" rows=\"10\" maxlength=\"2000\" class=\"wpcf7-form-control wpcf7-textarea\" aria-invalid=\"false\" name=\"your-message\"><\/textarea><\/span> <\/label>\n<\/p>\n<p><input class=\"wpcf7-form-control wpcf7-submit has-spinner\" type=\"submit\" value=\"SENDEN\" \/>\n<\/p><p style=\"display: none !important;\" class=\"akismet-fields-container\" data-prefix=\"_wpcf7_ak_\"><label>&#916;<textarea name=\"_wpcf7_ak_hp_textarea\" cols=\"45\" rows=\"8\" maxlength=\"100\"><\/textarea><\/label><input type=\"hidden\" id=\"ak_js_1\" name=\"_wpcf7_ak_js\" value=\"30\"\/><script>document.getElementById( \"ak_js_1\" ).setAttribute( \"value\", ( new Date() ).getTime() );<\/script><\/p><div class=\"wpcf7-response-output\" aria-hidden=\"true\"><\/div>\n<input type=\"hidden\" name=\"trp-form-language\" value=\"de\"\/><\/form>\n<\/div>\n<\/div>\n<\/div>\n<\/div>\n\n\n\n<p><\/p>","protected":false},"excerpt":{"rendered":"<p>Earn money with Vedaleben&#8217;s Affiliate Program Refer customers to Vedaleben and earn commissions on their purchases. Join today and grow your revenue. Promotion made easy Promote our clay products anywhere via personal coupon codes \/ referral links, or use our pre-made banners, emails and more.&nbsp;Save time and money on content creation by linking to Vedaleben [&hellip;]<\/p>\n","protected":false},"author":1,"featured_media":0,"parent":0,"menu_order":0,"comment_status":"closed","ping_status":"closed","template":"","meta":{"footnotes":""},"class_list":["post-1966","page","type-page","status-publish","hentry"],"yoast_head":"<!-- This site is optimized with the Yoast SEO plugin v27.3 - https:\/\/yoast.com\/product\/yoast-seo-wordpress\/ -->\n<title>Work with us - Affiliate Program - Vedaleben<\/title>\n<meta name=\"description\" content=\"Refer customers to Vedaleben and earn commissions on their purchases through our Affiliate Program. Join today and grow your revenue\" \/>\n<meta name=\"robots\" content=\"index, follow, max-snippet:-1, max-image-preview:large, max-video-preview:-1\" \/>\n<link rel=\"canonical\" href=\"https:\/\/vedaleben.de\/de\/work-with-us\/\" \/>\n<meta property=\"og:locale\" content=\"de_DE\" \/>\n<meta property=\"og:type\" content=\"article\" \/>\n<meta property=\"og:title\" content=\"Work with us - Affiliate Program - Vedaleben\" \/>\n<meta property=\"og:description\" content=\"Refer customers to Vedaleben and earn commissions on their purchases through our Affiliate Program. Join today and grow your revenue\" \/>\n<meta property=\"og:url\" content=\"https:\/\/vedaleben.de\/de\/work-with-us\/\" \/>\n<meta property=\"og:site_name\" content=\"Vedaleben\" \/>\n<meta property=\"article:modified_time\" content=\"2022-03-13T18:05:02+00:00\" \/>\n<meta property=\"og:image\" content=\"https:\/\/vedaleben.de\/wp-content\/uploads\/2022\/03\/laptop-1024x683.jpg\" \/>\n<meta name=\"twitter:card\" content=\"summary_large_image\" \/>\n<meta name=\"twitter:label1\" content=\"Gesch\u00e4tzte Lesezeit\" \/>\n\t<meta name=\"twitter:data1\" content=\"3\u00a0Minuten\" \/>\n<script type=\"application\/ld+json\" class=\"yoast-schema-graph\">{\"@context\":\"https:\\\/\\\/schema.org\",\"@graph\":[{\"@type\":[\"WebPage\",\"FAQPage\"],\"@id\":\"https:\\\/\\\/vedaleben.de\\\/work-with-us\\\/\",\"url\":\"https:\\\/\\\/vedaleben.de\\\/work-with-us\\\/\",\"name\":\"Work with us - Affiliate Program - Vedaleben\",\"isPartOf\":{\"@id\":\"https:\\\/\\\/vedaleben.de\\\/en\\\/#website\"},\"primaryImageOfPage\":{\"@id\":\"https:\\\/\\\/vedaleben.de\\\/work-with-us\\\/#primaryimage\"},\"image\":{\"@id\":\"https:\\\/\\\/vedaleben.de\\\/work-with-us\\\/#primaryimage\"},\"thumbnailUrl\":\"https:\\\/\\\/vedaleben.de\\\/wp-content\\\/uploads\\\/2022\\\/03\\\/laptop-1024x683.jpg\",\"datePublished\":\"2021-10-06T09:36:42+00:00\",\"dateModified\":\"2022-03-13T18:05:02+00:00\",\"description\":\"Refer customers to Vedaleben and earn commissions on their purchases through our Affiliate Program. Join today and grow your revenue\",\"breadcrumb\":{\"@id\":\"https:\\\/\\\/vedaleben.de\\\/work-with-us\\\/#breadcrumb\"},\"mainEntity\":[{\"@id\":\"https:\\\/\\\/vedaleben.de\\\/work-with-us\\\/#faq-question-1647183966788\"},{\"@id\":\"https:\\\/\\\/vedaleben.de\\\/work-with-us\\\/#faq-question-1647184164937\"},{\"@id\":\"https:\\\/\\\/vedaleben.de\\\/work-with-us\\\/#faq-question-1647184039961\"},{\"@id\":\"https:\\\/\\\/vedaleben.de\\\/work-with-us\\\/#faq-question-1647184063521\"}],\"inLanguage\":\"de\",\"potentialAction\":[{\"@type\":\"ReadAction\",\"target\":[\"https:\\\/\\\/vedaleben.de\\\/work-with-us\\\/\"]}]},{\"@type\":\"ImageObject\",\"inLanguage\":\"de\",\"@id\":\"https:\\\/\\\/vedaleben.de\\\/work-with-us\\\/#primaryimage\",\"url\":\"https:\\\/\\\/vedaleben.de\\\/wp-content\\\/uploads\\\/2022\\\/03\\\/laptop-1024x683.jpg\",\"contentUrl\":\"https:\\\/\\\/vedaleben.de\\\/wp-content\\\/uploads\\\/2022\\\/03\\\/laptop-1024x683.jpg\"},{\"@type\":\"BreadcrumbList\",\"@id\":\"https:\\\/\\\/vedaleben.de\\\/work-with-us\\\/#breadcrumb\",\"itemListElement\":[{\"@type\":\"ListItem\",\"position\":1,\"name\":\"Home\",\"item\":\"https:\\\/\\\/vedaleben.de\\\/\"},{\"@type\":\"ListItem\",\"position\":2,\"name\":\"Work with us\"}]},{\"@type\":\"WebSite\",\"@id\":\"https:\\\/\\\/vedaleben.de\\\/en\\\/#website\",\"url\":\"https:\\\/\\\/vedaleben.de\\\/en\\\/\",\"name\":\"Vedaleben\",\"description\":\"Vedaleben\",\"potentialAction\":[{\"@type\":\"SearchAction\",\"target\":{\"@type\":\"EntryPoint\",\"urlTemplate\":\"https:\\\/\\\/vedaleben.de\\\/en\\\/?s={search_term_string}\"},\"query-input\":{\"@type\":\"PropertyValueSpecification\",\"valueRequired\":true,\"valueName\":\"search_term_string\"}}],\"inLanguage\":\"de\"},{\"@type\":\"Question\",\"@id\":\"https:\\\/\\\/vedaleben.de\\\/work-with-us\\\/#faq-question-1647183966788\",\"position\":1,\"url\":\"https:\\\/\\\/vedaleben.de\\\/work-with-us\\\/#faq-question-1647183966788\",\"name\":\"What is the Vedaleben Affiliate programme\",\"answerCount\":1,\"acceptedAnswer\":{\"@type\":\"Answer\",\"text\":\"The Vedaleben Affiliate Program is open to all interested individuals, entrepreneurs, educators, influencers, and content creators. The program allows you to monetize your audience and earn commissions from each new Vedaleben merchant referral. Our program is free to join and can be freely terminated at any time.\",\"inLanguage\":\"de\"},\"inLanguage\":\"de\"},{\"@type\":\"Question\",\"@id\":\"https:\\\/\\\/vedaleben.de\\\/work-with-us\\\/#faq-question-1647184164937\",\"position\":2,\"url\":\"https:\\\/\\\/vedaleben.de\\\/work-with-us\\\/#faq-question-1647184164937\",\"name\":\"What requirements do I need to meet to apply?\",\"answerCount\":1,\"acceptedAnswer\":{\"@type\":\"Answer\",\"text\":\"There are no formal requirements for applicants. <br\\\/>- Have an established audience \\\/ followers<br\\\/>- Create original content, such as blog posts, or videos\",\"inLanguage\":\"de\"},\"inLanguage\":\"de\"},{\"@type\":\"Question\",\"@id\":\"https:\\\/\\\/vedaleben.de\\\/work-with-us\\\/#faq-question-1647184039961\",\"position\":3,\"url\":\"https:\\\/\\\/vedaleben.de\\\/work-with-us\\\/#faq-question-1647184039961\",\"name\":\"How will I know my application got accepted?\",\"answerCount\":1,\"acceptedAnswer\":{\"@type\":\"Answer\",\"text\":\"We will carefully review your application and in most cases, applications are processed within 3 business days. If your application is approved, then you'll receive an email with an affiliate link \\\/ coupon to promote Vedaleben, and some tools to help you get started.\",\"inLanguage\":\"de\"},\"inLanguage\":\"de\"},{\"@type\":\"Question\",\"@id\":\"https:\\\/\\\/vedaleben.de\\\/work-with-us\\\/#faq-question-1647184063521\",\"position\":4,\"url\":\"https:\\\/\\\/vedaleben.de\\\/work-with-us\\\/#faq-question-1647184063521\",\"name\":\"What is the commission structure?\",\"answerCount\":1,\"acceptedAnswer\":{\"@type\":\"Answer\",\"text\":\"You're eligible to receive a commission for customers through your affiliate link &amp; coupon code. There is no maximum number of merchants you can refer, we want you to earn as much as possible.\",\"inLanguage\":\"de\"},\"inLanguage\":\"de\"}]}<\/script>\n<!-- \/ Yoast SEO plugin. -->","yoast_head_json":{"title":"Work with us - Affiliate Program - Vedaleben","description":"Refer customers to Vedaleben and earn commissions on their purchases through our Affiliate Program. Join today and grow your revenue","robots":{"index":"index","follow":"follow","max-snippet":"max-snippet:-1","max-image-preview":"max-image-preview:large","max-video-preview":"max-video-preview:-1"},"canonical":"https:\/\/vedaleben.de\/de\/work-with-us\/","og_locale":"de_DE","og_type":"article","og_title":"Work with us - Affiliate Program - Vedaleben","og_description":"Refer customers to Vedaleben and earn commissions on their purchases through our Affiliate Program. Join today and grow your revenue","og_url":"https:\/\/vedaleben.de\/de\/work-with-us\/","og_site_name":"Vedaleben","article_modified_time":"2022-03-13T18:05:02+00:00","og_image":[{"url":"https:\/\/vedaleben.de\/wp-content\/uploads\/2022\/03\/laptop-1024x683.jpg","type":"","width":"","height":""}],"twitter_card":"summary_large_image","twitter_misc":{"Gesch\u00e4tzte Lesezeit":"3\u00a0Minuten"},"schema":{"@context":"https:\/\/schema.org","@graph":[{"@type":["WebPage","FAQPage"],"@id":"https:\/\/vedaleben.de\/work-with-us\/","url":"https:\/\/vedaleben.de\/work-with-us\/","name":"Work with us - Affiliate Program - Vedaleben","isPartOf":{"@id":"https:\/\/vedaleben.de\/en\/#website"},"primaryImageOfPage":{"@id":"https:\/\/vedaleben.de\/work-with-us\/#primaryimage"},"image":{"@id":"https:\/\/vedaleben.de\/work-with-us\/#primaryimage"},"thumbnailUrl":"https:\/\/vedaleben.de\/wp-content\/uploads\/2022\/03\/laptop-1024x683.jpg","datePublished":"2021-10-06T09:36:42+00:00","dateModified":"2022-03-13T18:05:02+00:00","description":"Refer customers to Vedaleben and earn commissions on their purchases through our Affiliate Program. Join today and grow your revenue","breadcrumb":{"@id":"https:\/\/vedaleben.de\/work-with-us\/#breadcrumb"},"mainEntity":[{"@id":"https:\/\/vedaleben.de\/work-with-us\/#faq-question-1647183966788"},{"@id":"https:\/\/vedaleben.de\/work-with-us\/#faq-question-1647184164937"},{"@id":"https:\/\/vedaleben.de\/work-with-us\/#faq-question-1647184039961"},{"@id":"https:\/\/vedaleben.de\/work-with-us\/#faq-question-1647184063521"}],"inLanguage":"de","potentialAction":[{"@type":"ReadAction","target":["https:\/\/vedaleben.de\/work-with-us\/"]}]},{"@type":"ImageObject","inLanguage":"de","@id":"https:\/\/vedaleben.de\/work-with-us\/#primaryimage","url":"https:\/\/vedaleben.de\/wp-content\/uploads\/2022\/03\/laptop-1024x683.jpg","contentUrl":"https:\/\/vedaleben.de\/wp-content\/uploads\/2022\/03\/laptop-1024x683.jpg"},{"@type":"BreadcrumbList","@id":"https:\/\/vedaleben.de\/work-with-us\/#breadcrumb","itemListElement":[{"@type":"ListItem","position":1,"name":"Home","item":"https:\/\/vedaleben.de\/"},{"@type":"ListItem","position":2,"name":"Work with us"}]},{"@type":"WebSite","@id":"https:\/\/vedaleben.de\/en\/#website","url":"https:\/\/vedaleben.de\/en\/","name":"Vedaleben","description":"Vedaleben","potentialAction":[{"@type":"SearchAction","target":{"@type":"EntryPoint","urlTemplate":"https:\/\/vedaleben.de\/en\/?s={search_term_string}"},"query-input":{"@type":"PropertyValueSpecification","valueRequired":true,"valueName":"search_term_string"}}],"inLanguage":"de"},{"@type":"Question","@id":"https:\/\/vedaleben.de\/work-with-us\/#faq-question-1647183966788","position":1,"url":"https:\/\/vedaleben.de\/work-with-us\/#faq-question-1647183966788","name":"Was ist das Affiliate-Programm von Vedaleben?","answerCount":1,"acceptedAnswer":{"@type":"Answer","text":"The Vedaleben Affiliate Program is open to all interested individuals, entrepreneurs, educators, influencers, and content creators. The program allows you to monetize your audience and earn commissions from each new Vedaleben merchant referral. Our program is free to join and can be freely terminated at any time.","inLanguage":"de"},"inLanguage":"de"},{"@type":"Question","@id":"https:\/\/vedaleben.de\/work-with-us\/#faq-question-1647184164937","position":2,"url":"https:\/\/vedaleben.de\/work-with-us\/#faq-question-1647184164937","name":"Welche Voraussetzungen muss ich f\u00fcr eine Bewerbung erf\u00fcllen?","answerCount":1,"acceptedAnswer":{"@type":"Answer","text":"There are no formal requirements for applicants. <br\/>- Have an established audience \/ followers<br\/>- Create original content, such as blog posts, or videos","inLanguage":"de"},"inLanguage":"de"},{"@type":"Question","@id":"https:\/\/vedaleben.de\/work-with-us\/#faq-question-1647184039961","position":3,"url":"https:\/\/vedaleben.de\/work-with-us\/#faq-question-1647184039961","name":"Wie erfahre ich, dass meine Bewerbung angenommen wurde?","answerCount":1,"acceptedAnswer":{"@type":"Answer","text":"We will carefully review your application and in most cases, applications are processed within 3 business days. If your application is approved, then you'll receive an email with an affiliate link \/ coupon to promote Vedaleben, and some tools to help you get started.","inLanguage":"de"},"inLanguage":"de"},{"@type":"Question","@id":"https:\/\/vedaleben.de\/work-with-us\/#faq-question-1647184063521","position":4,"url":"https:\/\/vedaleben.de\/work-with-us\/#faq-question-1647184063521","name":"Wie ist die Provisionsstruktur?","answerCount":1,"acceptedAnswer":{"@type":"Answer","text":"You're eligible to receive a commission for customers through your affiliate link &amp; coupon code. There is no maximum number of merchants you can refer, we want you to earn as much as possible.","inLanguage":"de"},"inLanguage":"de"}]}},"jetpack_sharing_enabled":true,"_links":{"self":[{"href":"https:\/\/vedaleben.de\/de\/wp-json\/wp\/v2\/pages\/1966","targetHints":{"allow":["GET"]}}],"collection":[{"href":"https:\/\/vedaleben.de\/de\/wp-json\/wp\/v2\/pages"}],"about":[{"href":"https:\/\/vedaleben.de\/de\/wp-json\/wp\/v2\/types\/page"}],"author":[{"embeddable":true,"href":"https:\/\/vedaleben.de\/de\/wp-json\/wp\/v2\/users\/1"}],"replies":[{"embeddable":true,"href":"https:\/\/vedaleben.de\/de\/wp-json\/wp\/v2\/comments?post=1966"}],"version-history":[{"count":14,"href":"https:\/\/vedaleben.de\/de\/wp-json\/wp\/v2\/pages\/1966\/revisions"}],"predecessor-version":[{"id":2031,"href":"https:\/\/vedaleben.de\/de\/wp-json\/wp\/v2\/pages\/1966\/revisions\/2031"}],"wp:attachment":[{"href":"https:\/\/vedaleben.de\/de\/wp-json\/wp\/v2\/media?parent=1966"}],"curies":[{"name":"wp","href":"https:\/\/api.w.org\/{rel}","templated":true}]}}