{"id":341,"date":"2015-12-29T14:39:24","date_gmt":"2015-12-29T14:39:24","guid":{"rendered":"http:\/\/import.getbowtied.com\/mr-tailor2\/?page_id=2"},"modified":"2021-04-03T22:13:26","modified_gmt":"2021-04-03T22:13:26","slug":"about-us","status":"publish","type":"page","link":"https:\/\/vedaleben.de\/de\/about-us\/","title":{"rendered":"\u00dcber uns"},"content":{"rendered":"<div style=\"\"class=\"row normal_height vc_row wpb_row vc_row-fluid\"><div class=\"wpb_column vc_column_container vc_col-sm-8\"><div class=\"vc_column-inner\"><div class=\"wpb_wrapper\"><h2 style=\"color: #e2725b;text-align: center;font-family:Playball;font-weight:400;font-style:normal\" class=\"vc_custom_heading\" >Namaste und ein herzliches Willkommen auf Vedaleben!<\/h2>\n\t<div class=\"wpb_text_column wpb_content_element\" >\n\t\t<div class=\"wpb_wrapper\">\n\t\t\t<p>Hallo zusammen! Ich bin Monika Lichey mit einem inspirierten Team von Menschen mit einer Leidenschaft f\u00fcr ayurvedisches Leben. Wir glauben an \"Ayurveda ist ein Lebensstil, nicht eine Di\u00e4t\". Wir haben Vedaleben gegr\u00fcndet, um die traditionelle Art des Ayurveda in das Leben der Menschen zur\u00fcckzubringen. Es wurde geboren, um die Intensit\u00e4t des urbanen, modernen Lebens auszugleichen.<\/p>\n<p>Wir glauben wirklich an die transformative Kraft, indem wir die Balance von Geist, K\u00f6rper und Seele praktizieren und Erfahrungen erh\u00f6hen, Menschen \u00fcberall engagieren und inspirieren. Durch die Verschmelzung der Vorteile der alten ayurvedischen Praktiken mit dem modernen Leben, schaffen wir Wellness, die Heiligt\u00fcmer der Gelassenheit zu schaffen helfen.<\/p>\n<p>Wir sind hier, um Sie zu inspirieren, sich diesem Lebensstil anzuschlie\u00dfen. Um die Messlatte weiter anzuheben und bewusste Entscheidungen f\u00fcr sich selbst, die Umwelt und die Produkte zu treffen, die Sie jeden Tag verwenden.<\/p>\n\n\t\t<\/div>\n\t<\/div>\n<\/div><\/div><\/div><div class=\"wpb_column vc_column_container vc_col-sm-4\"><div class=\"vc_column-inner\"><div class=\"wpb_wrapper\">\n\t<div  class=\"wpb_single_image wpb_content_element vc_align_center\">\n\t\t\n\t\t<figure class=\"wpb_wrapper vc_figure\">\n\t\t\t<div class=\"vc_single_image-wrapper vc_box_border  vc_box_border_sandy_brown\"><img loading=\"lazy\" decoding=\"async\" width=\"960\" height=\"960\" src=\"https:\/\/vedaleben.de\/wp-content\/uploads\/2020\/06\/about-us.jpg\" class=\"vc_single_image-img attachment-full\" alt=\"\" srcset=\"https:\/\/vedaleben.de\/wp-content\/uploads\/2020\/06\/about-us.jpg 960w, https:\/\/vedaleben.de\/wp-content\/uploads\/2020\/06\/about-us-350x350.jpg 350w, https:\/\/vedaleben.de\/wp-content\/uploads\/2020\/06\/about-us-100x100.jpg 100w, https:\/\/vedaleben.de\/wp-content\/uploads\/2020\/06\/about-us-570x570.jpg 570w, https:\/\/vedaleben.de\/wp-content\/uploads\/2020\/06\/about-us-300x300.jpg 300w, https:\/\/vedaleben.de\/wp-content\/uploads\/2020\/06\/about-us-150x150.jpg 150w, https:\/\/vedaleben.de\/wp-content\/uploads\/2020\/06\/about-us-768x768.jpg 768w\" sizes=\"auto, (max-width: 960px) 100vw, 960px\" \/><\/div>\n\t\t<\/figure>\n\t<\/div>\n<\/div><\/div><\/div><\/div>","protected":false},"excerpt":{"rendered":"Namaste und a warm welcome to Vedaleben! Hi there! I am Monika Lichey with an inspired team of individuals with a passion for ayurvedic living. We believe in \"Ayurveda is a lifestyle, not a diet\". We founded Vedaleben to bring back the traditional way of Ayurveda in people's life. It was born to balance the [...]","protected":false},"author":1,"featured_media":0,"parent":0,"menu_order":0,"comment_status":"closed","ping_status":"open","template":"","meta":{"footnotes":""},"class_list":["post-341","page","type-page","status-publish","hentry"],"yoast_head":"<!-- This site is optimized with the Yoast SEO plugin v27.3 - https:\/\/yoast.com\/product\/yoast-seo-wordpress\/ -->\n<title>About Us - Our Passion | VEDALEBEN<\/title>\n<meta name=\"description\" content=\"Welcome and Namaste. We at Vedaleben inspire people to have a healthy lifesstyle using ayurvedic methods by finding a balance within.\" \/>\n<meta name=\"robots\" content=\"index, follow, max-snippet:-1, max-image-preview:large, max-video-preview:-1\" \/>\n<link rel=\"canonical\" href=\"https:\/\/vedaleben.de\/de\/about-us\/\" \/>\n<meta property=\"og:locale\" content=\"de_DE\" \/>\n<meta property=\"og:type\" content=\"article\" \/>\n<meta property=\"og:title\" content=\"About Us - Our Passion | VEDALEBEN\" \/>\n<meta property=\"og:description\" content=\"Welcome and Namaste. We at Vedaleben inspire people to have a healthy lifesstyle using ayurvedic methods by finding a balance within.\" \/>\n<meta property=\"og:url\" content=\"https:\/\/vedaleben.de\/de\/about-us\/\" \/>\n<meta property=\"og:site_name\" content=\"Vedaleben\" \/>\n<meta property=\"article:modified_time\" content=\"2021-04-03T22:13:26+00:00\" \/>\n<meta name=\"twitter:card\" content=\"summary_large_image\" \/>\n<meta name=\"twitter:label1\" content=\"Gesch\u00e4tzte Lesezeit\" \/>\n\t<meta name=\"twitter:data1\" content=\"1\u00a0Minute\" \/>\n<script type=\"application\/ld+json\" class=\"yoast-schema-graph\">{\"@context\":\"https:\\\/\\\/schema.org\",\"@graph\":[{\"@type\":\"WebPage\",\"@id\":\"https:\\\/\\\/vedaleben.de\\\/de\\\/about-us\\\/\",\"url\":\"https:\\\/\\\/vedaleben.de\\\/de\\\/about-us\\\/\",\"name\":\"About Us - Our Passion | VEDALEBEN\",\"isPartOf\":{\"@id\":\"https:\\\/\\\/vedaleben.de\\\/en\\\/#website\"},\"datePublished\":\"2015-12-29T14:39:24+00:00\",\"dateModified\":\"2021-04-03T22:13:26+00:00\",\"description\":\"Welcome and Namaste. We at Vedaleben inspire people to have a healthy lifesstyle using ayurvedic methods by finding a balance within.\",\"breadcrumb\":{\"@id\":\"https:\\\/\\\/vedaleben.de\\\/de\\\/about-us\\\/#breadcrumb\"},\"inLanguage\":\"de\",\"potentialAction\":[{\"@type\":\"ReadAction\",\"target\":[\"https:\\\/\\\/vedaleben.de\\\/de\\\/about-us\\\/\"]}]},{\"@type\":\"BreadcrumbList\",\"@id\":\"https:\\\/\\\/vedaleben.de\\\/de\\\/about-us\\\/#breadcrumb\",\"itemListElement\":[{\"@type\":\"ListItem\",\"position\":1,\"name\":\"Home\",\"item\":\"https:\\\/\\\/vedaleben.de\\\/\"},{\"@type\":\"ListItem\",\"position\":2,\"name\":\"About us\"}]},{\"@type\":\"WebSite\",\"@id\":\"https:\\\/\\\/vedaleben.de\\\/en\\\/#website\",\"url\":\"https:\\\/\\\/vedaleben.de\\\/en\\\/\",\"name\":\"Vedaleben\",\"description\":\"Vedaleben\",\"potentialAction\":[{\"@type\":\"SearchAction\",\"target\":{\"@type\":\"EntryPoint\",\"urlTemplate\":\"https:\\\/\\\/vedaleben.de\\\/en\\\/?s={search_term_string}\"},\"query-input\":{\"@type\":\"PropertyValueSpecification\",\"valueRequired\":true,\"valueName\":\"search_term_string\"}}],\"inLanguage\":\"de\"}]}<\/script>\n<!-- \/ Yoast SEO plugin. -->","yoast_head_json":{"title":"About Us - Our Passion | VEDALEBEN","description":"Welcome and Namaste. We at Vedaleben inspire people to have a healthy lifesstyle using ayurvedic methods by finding a balance within.","robots":{"index":"index","follow":"follow","max-snippet":"max-snippet:-1","max-image-preview":"max-image-preview:large","max-video-preview":"max-video-preview:-1"},"canonical":"https:\/\/vedaleben.de\/de\/about-us\/","og_locale":"de_DE","og_type":"article","og_title":"About Us - Our Passion | VEDALEBEN","og_description":"Welcome and Namaste. We at Vedaleben inspire people to have a healthy lifesstyle using ayurvedic methods by finding a balance within.","og_url":"https:\/\/vedaleben.de\/de\/about-us\/","og_site_name":"Vedaleben","article_modified_time":"2021-04-03T22:13:26+00:00","twitter_card":"summary_large_image","twitter_misc":{"Gesch\u00e4tzte Lesezeit":"1\u00a0Minute"},"schema":{"@context":"https:\/\/schema.org","@graph":[{"@type":"WebPage","@id":"https:\/\/vedaleben.de\/de\/about-us\/","url":"https:\/\/vedaleben.de\/de\/about-us\/","name":"About Us - Our Passion | VEDALEBEN","isPartOf":{"@id":"https:\/\/vedaleben.de\/en\/#website"},"datePublished":"2015-12-29T14:39:24+00:00","dateModified":"2021-04-03T22:13:26+00:00","description":"Welcome and Namaste. We at Vedaleben inspire people to have a healthy lifesstyle using ayurvedic methods by finding a balance within.","breadcrumb":{"@id":"https:\/\/vedaleben.de\/de\/about-us\/#breadcrumb"},"inLanguage":"de","potentialAction":[{"@type":"ReadAction","target":["https:\/\/vedaleben.de\/de\/about-us\/"]}]},{"@type":"BreadcrumbList","@id":"https:\/\/vedaleben.de\/de\/about-us\/#breadcrumb","itemListElement":[{"@type":"ListItem","position":1,"name":"Home","item":"https:\/\/vedaleben.de\/"},{"@type":"ListItem","position":2,"name":"About us"}]},{"@type":"WebSite","@id":"https:\/\/vedaleben.de\/en\/#website","url":"https:\/\/vedaleben.de\/en\/","name":"Vedaleben","description":"Vedaleben","potentialAction":[{"@type":"SearchAction","target":{"@type":"EntryPoint","urlTemplate":"https:\/\/vedaleben.de\/en\/?s={search_term_string}"},"query-input":{"@type":"PropertyValueSpecification","valueRequired":true,"valueName":"search_term_string"}}],"inLanguage":"de"}]}},"jetpack_sharing_enabled":true,"_links":{"self":[{"href":"https:\/\/vedaleben.de\/de\/wp-json\/wp\/v2\/pages\/341","targetHints":{"allow":["GET"]}}],"collection":[{"href":"https:\/\/vedaleben.de\/de\/wp-json\/wp\/v2\/pages"}],"about":[{"href":"https:\/\/vedaleben.de\/de\/wp-json\/wp\/v2\/types\/page"}],"author":[{"embeddable":true,"href":"https:\/\/vedaleben.de\/de\/wp-json\/wp\/v2\/users\/1"}],"replies":[{"embeddable":true,"href":"https:\/\/vedaleben.de\/de\/wp-json\/wp\/v2\/comments?post=341"}],"version-history":[{"count":11,"href":"https:\/\/vedaleben.de\/de\/wp-json\/wp\/v2\/pages\/341\/revisions"}],"predecessor-version":[{"id":1451,"href":"https:\/\/vedaleben.de\/de\/wp-json\/wp\/v2\/pages\/341\/revisions\/1451"}],"wp:attachment":[{"href":"https:\/\/vedaleben.de\/de\/wp-json\/wp\/v2\/media?parent=341"}],"curies":[{"name":"wp","href":"https:\/\/api.w.org\/{rel}","templated":true}]}}