{"id":415,"date":"2020-07-08T16:03:06","date_gmt":"2020-07-08T16:03:06","guid":{"rendered":"http:\/\/vedaleben.de\/?page_id=415"},"modified":"2026-04-06T10:52:08","modified_gmt":"2026-04-06T10:52:08","slug":"our-products","status":"publish","type":"page","link":"https:\/\/vedaleben.de\/de\/our-products\/","title":{"rendered":"Unsere Produkte"},"content":{"rendered":"<div style=\"\"class=\"row normal_height vc_row wpb_row vc_row-fluid\"><div class=\"wpb_column vc_column_container vc_col-sm-12\"><div class=\"vc_column-inner\"><div class=\"wpb_wrapper\"><h2 style=\"font-size: 20px;color: #e2725b;text-align: center;font-family:Belleza;font-weight:400;font-style:normal\" class=\"vc_custom_heading\" >Lassen Sie die Ern\u00e4hrung Ihre Medizin sein!<br \/>\nUnser sch\u00f6nes Sortiment an Tonprodukten hilft Ihnen mit nat\u00fcrlichen Nahrungsmitteln und Erdn\u00e4hrstoffen. Klicken Sie auf die Produkte unten f\u00fcr weitere Informationen und nehmen Sie einen Schritt in Richtung eines ges\u00fcnderen Lebens...<\/h2><div class=\"vc_empty_space\"   style=\"height: 60px\"><span class=\"vc_empty_space_inner\"><\/span><\/div><\/div><\/div><\/div><\/div><div style=\"\"class=\"row normal_height vc_row wpb_row vc_row-fluid\"><div class=\"wpb_column vc_column_container vc_col-sm-12\"><div class=\"vc_column-inner\"><div class=\"wpb_wrapper\"><h1 style=\"font-size: 20px;color: #e2725b;text-align: center;font-family:Belleza;font-weight:400;font-style:normal\" class=\"vc_custom_heading\" >Pakete \/ Zusammenstellungen<\/h1><div class=\"vc_empty_space\"   style=\"height: 60px\"><span class=\"vc_empty_space_inner\"><\/span><\/div><\/div><\/div><\/div><\/div><div style=\"\"class=\"row normal_height vc_row wpb_row vc_row-fluid vc_custom_1617486232228\"><div class=\"wpb_column vc_column_container vc_col-sm-6\"><div class=\"vc_column-inner\"><div class=\"wpb_wrapper\"><div class=\"wpb_images_carousel wpb_content_element vc_clearfix veda-product-picture\"><div class=\"wpb_wrapper\"><div id=\"vc_images-carousel-1-1776566647\" data-ride=\"vc_carousel\" data-wrap=\"false\" style=\"width: 300px;\" data-interval=\"0\" data-auto-height=\"yes\" data-mode=\"horizontal\" data-partial=\"false\" data-per-view=\"1\" data-hide-on-end=\"true\" class=\"vc_slide vc_images_carousel\"><div class=\"vc_carousel-inner\"><div class=\"vc_carousel-slideline\"><div class=\"vc_carousel-slideline-inner\"><div class=\"vc_item\"><div class=\"vc_inner\"><a href=\"https:\/\/vedaleben.de\/de\/produkt\/groses-ayuervedisches-starterset\/\" target=\"_blank\"><img loading=\"lazy\" decoding=\"async\" class=\"\" src=\"https:\/\/vedaleben.de\/wp-content\/uploads\/2015\/11\/Curry-pot-300x300.png\" width=\"300\" height=\"300\" alt=\"Currytopf\" title=\"Curry pot\" \/><\/a><\/div><\/div><\/div><\/div><\/div><\/div><\/div><\/div><\/div><\/div><\/div><div class=\"wpb_column vc_column_container vc_col-sm-6\"><div class=\"vc_column-inner\"><div class=\"wpb_wrapper\">\n\t<div class=\"wpb_text_column wpb_content_element\" >\n\t\t<div class=\"wpb_wrapper\">\n\t\t\t<p><span style=\"color: #e2725b;\"><b><i>Gro\u00dfes Ayurvedisches Starterpaket<\/i><\/b><\/span><\/p>\n<p><span style=\"color: #000000;\">Gro\u00dfes Ayurveda Starterset mit Tontopf, Trinkbechern, Joghurtbecher und Tonflasche \u2013 nachhaltig, traditionell und ideal f\u00fcr einen bewussten, gesunden Alltag.<\/span><\/p>\n\n\t\t<\/div>\n\t<\/div>\n<div class=\"vc_btn3-container vc_btn3-inline\" ><a class=\"vc_general vc_btn3 vc_btn3-size-md vc_btn3-shape-rounded vc_btn3-style-modern vc_btn3-color-grey\" href=\"https:\/\/vedaleben.de\/de\/produkt\/groses-ayuervedisches-starterset\/\" title=\"Tonwasserspender mit Zapfhahn &amp; eBook\">HIER KLICKEN F\u00dcR MEHR<\/a><\/div><\/div><\/div><\/div><\/div><div style=\"\"class=\"row normal_height vc_row wpb_row vc_row-fluid\"><div class=\"wpb_column vc_column_container vc_col-sm-12\"><div class=\"vc_column-inner\"><div class=\"wpb_wrapper\"><h1 style=\"font-size: 20px;color: #e2725b;text-align: center;font-family:Belleza;font-weight:400;font-style:normal\" class=\"vc_custom_heading\" >Einzelne Angebote<\/h1><div class=\"vc_empty_space\"   style=\"height: 60px\"><span class=\"vc_empty_space_inner\"><\/span><\/div><\/div><\/div><\/div><\/div><div style=\"\"class=\"row normal_height vc_row wpb_row vc_row-fluid vc_custom_1617486169250\"><div class=\"wpb_column vc_column_container vc_col-sm-6\"><div class=\"vc_column-inner\"><div class=\"wpb_wrapper\"><div class=\"wpb_images_carousel wpb_content_element vc_clearfix veda-product-picture\"><div class=\"wpb_wrapper\"><div id=\"vc_images-carousel-2-1776566647\" data-ride=\"vc_carousel\" data-wrap=\"false\" style=\"width: 300px;\" data-interval=\"0\" data-auto-height=\"yes\" data-mode=\"horizontal\" data-partial=\"false\" data-per-view=\"1\" data-hide-on-end=\"true\" class=\"vc_slide vc_images_carousel\"><div class=\"vc_carousel-inner\"><div class=\"vc_carousel-slideline\"><div class=\"vc_carousel-slideline-inner\"><div class=\"vc_item\"><div class=\"vc_inner\"><a href=\"https:\/\/vedaleben.de\/de\/produkt\/curry-pot\/\" target=\"_blank\"><img loading=\"lazy\" decoding=\"async\" class=\"\" src=\"https:\/\/vedaleben.de\/wp-content\/uploads\/2015\/11\/Curry-pot-300x300.png\" width=\"300\" height=\"300\" alt=\"Currytopf\" title=\"Curry pot\" \/><\/a><\/div><\/div><\/div><\/div><\/div><\/div><\/div><\/div><\/div><\/div><\/div><div class=\"wpb_column vc_column_container vc_col-sm-6\"><div class=\"vc_column-inner\"><div class=\"wpb_wrapper\">\n\t<div class=\"wpb_text_column wpb_content_element\" >\n\t\t<div class=\"wpb_wrapper\">\n\t\t\t<p><span style=\"color: #e2725b;\"><a style=\"color: #e2725b;\" href=\"https:\/\/vedaleben.de\/de\/produkt\/curry-pot\/\" target=\"_blank\" rel=\"noopener noreferrer\"><em><strong>Toncurrytopf<\/strong><\/em><\/a><\/span><\/p>\n<p><span style=\"color: #000000;\"><em>\u00c4ndern Sie die Art, wie Sie kochen, mit unserem Currytopf aus Ton! Mit diesem Topf wird das, was Sie kochen, nicht nur lecker, sondern auch gesund. Die ausreichende Tiefe macht ihn ideal zum Kochen. Au\u00dferdem hilft er dabei, Ihre Doshas auszugleichen.<\/em><\/span><\/p>\n\n\t\t<\/div>\n\t<\/div>\n<div class=\"vc_btn3-container vc_btn3-inline\" ><a class=\"vc_general vc_btn3 vc_btn3-size-md vc_btn3-shape-rounded vc_btn3-style-modern vc_btn3-color-grey\" href=\"https:\/\/vedaleben.de\/de\/produkt\/curry-pot\/\" title=\"Currytopf aus Ton mit eBook\" target=\"_blank\">HIER KLICKEN F\u00dcR MEHR<\/a><\/div><\/div><\/div><\/div><\/div><div style=\"\"class=\"row normal_height vc_row wpb_row vc_row-fluid vc_custom_1617486180017\"><div class=\"wpb_column vc_column_container vc_col-sm-6\"><div class=\"vc_column-inner\"><div class=\"wpb_wrapper\"><div class=\"wpb_images_carousel wpb_content_element vc_clearfix veda-product-picture\"><div class=\"wpb_wrapper\"><div id=\"vc_images-carousel-3-1776566647\" data-ride=\"vc_carousel\" data-wrap=\"false\" style=\"width: 300px;\" data-interval=\"0\" data-auto-height=\"yes\" data-mode=\"horizontal\" data-partial=\"false\" data-per-view=\"1\" data-hide-on-end=\"true\" class=\"vc_slide vc_images_carousel\"><div class=\"vc_carousel-inner\"><div class=\"vc_carousel-slideline\"><div class=\"vc_carousel-slideline-inner\"><div class=\"vc_item\"><div class=\"vc_inner\"><a href=\"https:\/\/vedaleben.de\/de\/produkt\/tea-coffee-cups\/\" target=\"_blank\"><img loading=\"lazy\" decoding=\"async\" class=\"\" src=\"https:\/\/vedaleben.de\/wp-content\/uploads\/2015\/09\/Tea-cup-300x300.png\" width=\"300\" height=\"300\" alt=\"Tea cup\" title=\"Tea cup\" \/><\/a><\/div><\/div><\/div><\/div><\/div><\/div><\/div><\/div><\/div><\/div><\/div><div class=\"wpb_column vc_column_container vc_col-sm-6\"><div class=\"vc_column-inner\"><div class=\"wpb_wrapper\">\n\t<div class=\"wpb_text_column wpb_content_element\" >\n\t\t<div class=\"wpb_wrapper\">\n\t\t\t<p><span style=\"color: #e2725b;\"><a style=\"color: #e2725b;\" href=\"https:\/\/vedaleben.de\/de\/produkt\/tea-coffee-cups\/\" target=\"_blank\" rel=\"noopener noreferrer\"><em><strong>Handgefertigte Tee-\/Kaffeetassen aus Ton (4er-Pack)<\/strong><\/em><\/a><\/span><\/p>\n<p><span style=\"color: #000000;\"><em>Sie sind aus gew\u00fcrztem Ton hergestellt, was sie haltbarer und perfekt f\u00fcr den Einsatz im Haus macht. Aus nat\u00fcrlichen Materialien hergestellt, schaden sie dem Erde und Wasser nach der Entsorgung nicht. Was mehr ist, frei von giftigen Chemikalien und Kunststoff zu sein.<\/em><\/span><\/p>\n\n\t\t<\/div>\n\t<\/div>\n<div class=\"vc_btn3-container vc_btn3-inline\" ><a class=\"vc_general vc_btn3 vc_btn3-size-md vc_btn3-shape-rounded vc_btn3-style-modern vc_btn3-color-grey\" href=\"https:\/\/vedaleben.de\/de\/produkt\/tea-coffee-cups\/\" title=\"Handgefertigte Tee-\/Kaffeetassen aus Ton mit eBook\" target=\"_blank\">HIER KLICKEN F\u00dcR MEHR<\/a><\/div><\/div><\/div><\/div><\/div><div style=\"\"class=\"row normal_height vc_row wpb_row vc_row-fluid vc_custom_1617486193048\"><div class=\"wpb_column vc_column_container vc_col-sm-6\"><div class=\"vc_column-inner\"><div class=\"wpb_wrapper\"><div class=\"wpb_images_carousel wpb_content_element vc_clearfix veda-product-picture\"><div class=\"wpb_wrapper\"><div id=\"vc_images-carousel-4-1776566647\" data-ride=\"vc_carousel\" data-wrap=\"false\" style=\"width: 300px;\" data-interval=\"0\" data-auto-height=\"yes\" data-mode=\"horizontal\" data-partial=\"false\" data-per-view=\"1\" data-hide-on-end=\"true\" class=\"vc_slide vc_images_carousel\"><div class=\"vc_carousel-inner\"><div class=\"vc_carousel-slideline\"><div class=\"vc_carousel-slideline-inner\"><div class=\"vc_item\"><div class=\"vc_inner\"><a href=\"https:\/\/vedaleben.de\/de\/produkt\/curd-pot-2\/\" target=\"_blank\"><img loading=\"lazy\" decoding=\"async\" class=\"\" src=\"https:\/\/vedaleben.de\/wp-content\/uploads\/2020\/11\/Clay-curd-setting-pot1-300x300.png\" width=\"300\" height=\"300\" alt=\"Clay curd setting pot1\" title=\"Clay curd setting pot1\" \/><\/a><\/div><\/div><\/div><\/div><\/div><\/div><\/div><\/div><\/div><\/div><\/div><div class=\"wpb_column vc_column_container vc_col-sm-6\"><div class=\"vc_column-inner\"><div class=\"wpb_wrapper\">\n\t<div class=\"wpb_text_column wpb_content_element\" >\n\t\t<div class=\"wpb_wrapper\">\n\t\t\t<p><span style=\"color: #e2725b;\"><a style=\"color: #e2725b;\" href=\"https:\/\/vedaleben.de\/de\/produkt\/curd-pot-2\/\" target=\"_blank\" rel=\"noopener noreferrer\"><em><strong>Joghurtbecher aus Ton<\/strong><\/em><\/a><\/span><\/p>\n<p><span style=\"color: #000000;\"><em>Dieser Terrakotta-Joghurtbecher wird aus rohem Ton ohne Glasur innen oder au\u00dfen hergestellt. Dadurch beh\u00e4lt er den Geschmack, die Qualit\u00e4t und den N\u00e4hrwert des Essens, das in ihm gekocht wird. Er ist perfekt f\u00fcr die Herstellung und Aufbewahrung von Joghurt, ohne dass dieser verdirbt oder sauer wird. Die mineralische Zusammensetzung von Terrakotta interagiert gut mit den Joghurt bildenden Bakterien, so dass Sie dicken und k\u00f6stlichen Joghurt erhalten.\u00a0<\/em><\/span><\/p>\n\n\t\t<\/div>\n\t<\/div>\n<div class=\"vc_btn3-container vc_btn3-inline\" ><a class=\"vc_general vc_btn3 vc_btn3-size-md vc_btn3-shape-rounded vc_btn3-style-modern vc_btn3-color-grey\" href=\"https:\/\/vedaleben.de\/de\/produkt\/curd-pot-2\/\" title=\"Curd pot with eBook\" target=\"_blank\">HIER KLICKEN F\u00dcR MEHR<\/a><\/div><\/div><\/div><\/div><\/div><div style=\"\"class=\"row normal_height vc_row wpb_row vc_row-fluid vc_custom_1617486202374\"><div class=\"wpb_column vc_column_container vc_col-sm-6\"><div class=\"vc_column-inner\"><div class=\"wpb_wrapper\"><div class=\"wpb_images_carousel wpb_content_element vc_clearfix vc_custom_1644357829680 veda-product-picture\"><div class=\"wpb_wrapper\"><div id=\"vc_images-carousel-5-1776566647\" data-ride=\"vc_carousel\" data-wrap=\"false\" style=\"width: 300px;\" data-interval=\"0\" data-auto-height=\"yes\" data-mode=\"horizontal\" data-partial=\"false\" data-per-view=\"1\" data-hide-on-end=\"true\" class=\"vc_slide vc_images_carousel\"><div class=\"vc_carousel-inner\"><div class=\"vc_carousel-slideline\"><div class=\"vc_carousel-slideline-inner\"><div class=\"vc_item\"><div class=\"vc_inner\"><a href=\"https:\/\/vedaleben.de\/de\/produkt\/water-cups\/\" target=\"_blank\"><img loading=\"lazy\" decoding=\"async\" class=\"\" src=\"https:\/\/vedaleben.de\/wp-content\/uploads\/2015\/11\/3-300x300.png\" width=\"300\" height=\"300\" alt=\"3\" title=\"3\" \/><\/a><\/div><\/div><\/div><\/div><\/div><\/div><\/div><\/div><\/div><\/div><\/div><div class=\"wpb_column vc_column_container vc_col-sm-6\"><div class=\"vc_column-inner\"><div class=\"wpb_wrapper\">\n\t<div class=\"wpb_text_column wpb_content_element\" >\n\t\t<div class=\"wpb_wrapper\">\n\t\t\t<p><span style=\"color: #e2725b;\"><a style=\"color: #e2725b;\" href=\"https:\/\/vedaleben.de\/de\/produkt\/water-cups\/\" target=\"_blank\" rel=\"noopener noreferrer\"><em><strong>Wasserbecher aus Ton<\/strong><\/em><\/a><\/span><\/p>\n<p><span style=\"color: #000000;\"><em>Eine Alternative zu Einweg-Plastik- und Pappbechern. Die Becher aus Ton sind ergonomisch f\u00fcr den t\u00e4glichen Gebrauch gestaltet und mit einem sch\u00f6nen Schilfrohr-Detail umgeben. Es ist gefertigt, um einen ges\u00fcnderen Lebensstil zu inspirieren, die Wiederbelebung der traditionellen Verwendung von Steingut, mit einem modernen Look gestaltet. Da es sich um ein handgefertigtes Produkt handelt, kann es zu leichten Farb-, Form- oder Designabweichungen kommen, was nat\u00fcrlich ist und das Produkt somit einzigartig macht.<\/em><\/span><\/p>\n\n\t\t<\/div>\n\t<\/div>\n<div class=\"vc_btn3-container vc_btn3-inline\" ><a class=\"vc_general vc_btn3 vc_btn3-size-md vc_btn3-shape-rounded vc_btn3-style-modern vc_btn3-color-grey\" href=\"https:\/\/vedaleben.de\/de\/produkt\/water-cups\/\" title=\"Clay water cups (Pack of 2) with eBook\" target=\"_blank\">HIER KLICKEN F\u00dcR MEHR<\/a><\/div><\/div><\/div><\/div><\/div><div style=\"\"class=\"row normal_height vc_row wpb_row vc_row-fluid vc_custom_1617486222395\"><div class=\"wpb_column vc_column_container vc_col-sm-6\"><div class=\"vc_column-inner\"><div class=\"wpb_wrapper\"><div class=\"wpb_images_carousel wpb_content_element vc_clearfix veda-product-picture\"><div class=\"wpb_wrapper\"><div id=\"vc_images-carousel-6-1776566647\" data-ride=\"vc_carousel\" data-wrap=\"false\" style=\"width: 300px;\" data-interval=\"0\" data-auto-height=\"yes\" data-mode=\"horizontal\" data-partial=\"false\" data-per-view=\"1\" data-hide-on-end=\"true\" class=\"vc_slide vc_images_carousel\"><div class=\"vc_carousel-inner\"><div class=\"vc_carousel-slideline\"><div class=\"vc_carousel-slideline-inner\"><div class=\"vc_item\"><div class=\"vc_inner\"><a href=\"https:\/\/vedaleben.de\/de\/produkt\/clay-water-bottle\/\" target=\"_blank\"><img loading=\"lazy\" decoding=\"async\" class=\"\" src=\"https:\/\/vedaleben.de\/wp-content\/uploads\/2015\/11\/Clay-water-bottle4-300x300.png\" width=\"300\" height=\"300\" alt=\"Clay water bottle4\" title=\"Clay water bottle4\" \/><\/a><\/div><\/div><\/div><\/div><\/div><\/div><\/div><\/div><\/div><\/div><\/div><div class=\"wpb_column vc_column_container vc_col-sm-6\"><div class=\"vc_column-inner\"><div class=\"wpb_wrapper\">\n\t<div class=\"wpb_text_column wpb_content_element\" >\n\t\t<div class=\"wpb_wrapper\">\n\t\t\t<p><span style=\"color: #e2725b;\"><a style=\"color: #e2725b;\" href=\"https:\/\/vedaleben.de\/de\/produkt\/clay-water-bottle\/\" target=\"_blank\" rel=\"noopener noreferrer\"><em><strong>Handgefertigte Tonwasserflasche<\/strong><\/em><\/a><\/span><\/p>\n<p><span style=\"color: #000000;\"><em>Hergestellt aus nicht-reaktivem Ton, ist es perfekt f\u00fcr jede Fl\u00fcssigkeit: Wasser, Saft, Smoothies, und neutrale oder saure Getr\u00e4nke. Das Wasser im Inneren der Flasche hat eine perfekte Temperatur, die weder zu hei\u00df noch zu kalt ist und beim Trinken einen einzigartigen erdigen Geschmack verleiht. Au\u00dferdem h\u00e4lt sie die Fl\u00fcssigkeit geruchsfrei.<\/em><\/span><\/p>\n\n\t\t<\/div>\n\t<\/div>\n<div class=\"vc_btn3-container vc_btn3-inline\" ><a class=\"vc_general vc_btn3 vc_btn3-size-md vc_btn3-shape-rounded vc_btn3-style-modern vc_btn3-color-grey\" href=\"https:\/\/vedaleben.de\/de\/produkt\/clay-water-bottle\/\" title=\"Handgefertigte Tonwasserflasche mit eBook\" target=\"_blank\">HIER KLICKEN F\u00dcR MEHR<\/a><\/div><\/div><\/div><\/div><\/div><div style=\"\"class=\"row normal_height vc_row wpb_row vc_row-fluid vc_custom_1617486232228\"><div class=\"wpb_column vc_column_container vc_col-sm-6\"><div class=\"vc_column-inner\"><div class=\"wpb_wrapper\"><div class=\"wpb_images_carousel wpb_content_element vc_clearfix veda-product-picture\"><div class=\"wpb_wrapper\"><div id=\"vc_images-carousel-7-1776566647\" data-ride=\"vc_carousel\" data-wrap=\"false\" style=\"width: 300px;\" data-interval=\"0\" data-auto-height=\"yes\" data-mode=\"horizontal\" data-partial=\"false\" data-per-view=\"1\" data-hide-on-end=\"true\" class=\"vc_slide vc_images_carousel\"><div class=\"vc_carousel-inner\"><div class=\"vc_carousel-slideline\"><div class=\"vc_carousel-slideline-inner\"><div class=\"vc_item\"><div class=\"vc_inner\"><a href=\"https:\/\/vedaleben.de\/de\/produkt\/clay-water-pot\/\" target=\"_blank\"><img loading=\"lazy\" decoding=\"async\" class=\"\" src=\"https:\/\/vedaleben.de\/wp-content\/uploads\/2015\/11\/Waterpot-2-300x300.png\" width=\"300\" height=\"300\" alt=\"Waterpot\" title=\"Waterpot\" \/><\/a><\/div><\/div><\/div><\/div><\/div><\/div><\/div><\/div><\/div><\/div><\/div><div class=\"wpb_column vc_column_container vc_col-sm-6\"><div class=\"vc_column-inner\"><div class=\"wpb_wrapper\">\n\t<div class=\"wpb_text_column wpb_content_element\" >\n\t\t<div class=\"wpb_wrapper\">\n\t\t\t<p><span style=\"color: #e2725b;\"><a style=\"color: #e2725b;\" href=\"https:\/\/vedaleben.de\/de\/produkt\/clay-water-pot\/\" target=\"_blank\" rel=\"noopener noreferrer\"><em><strong>Wasserspender aus Ton<\/strong><\/em><\/a><\/span><\/p>\n<p><span style=\"color: #000000;\"><em>In dieser \u00c4ra, erhalten eine nat\u00fcrliche Ber\u00fchrung der Vitamine und andere Mineralien mit unserem handgefertigten Tonwasserspender. Ergonomisch gestaltet f\u00fcr den t\u00e4glichen Gebrauch mit dem Ziel, gesundes Trinkwasser f\u00fcr jeden Einzelnen bereitzustellen. Die Kanne aus Ton ist eine umweltfreundliche Alternative zu Plastik und k\u00fchlt Wasser auf nat\u00fcrliche Weise und ist ideal f\u00fcr den Gebrauch im Sommer. Er ist leicht zu reinigen und nachzuf\u00fcllen.<\/em><\/span><\/p>\n\n\t\t<\/div>\n\t<\/div>\n<div class=\"vc_btn3-container vc_btn3-inline\" ><a class=\"vc_general vc_btn3 vc_btn3-size-md vc_btn3-shape-rounded vc_btn3-style-modern vc_btn3-color-grey\" href=\"https:\/\/vedaleben.de\/de\/produkt\/clay-water-pot\/\" title=\"Tonwasserspender mit Zapfhahn &amp; eBook\" target=\"_blank\">HIER KLICKEN F\u00dcR MEHR<\/a><\/div><\/div><\/div><\/div><\/div><div style=\"\"class=\"row normal_height vc_row wpb_row vc_row-fluid\"><div class=\"wpb_column vc_column_container vc_col-sm-12\"><div class=\"vc_column-inner\"><div class=\"wpb_wrapper\"><h2 style=\"font-size: 18px;color: #e2725b;text-align: center;font-family:Gabriela;font-weight:400;font-style:normal\" class=\"vc_custom_heading\" >Wir stellen bald mehr f\u00fcr Ihr ayurvedisches Leben vor... Besuchen Sie uns weiterhin!<\/h2><\/div><\/div><\/div><\/div>","protected":false},"excerpt":{"rendered":"Let the food be your medicine! Our beautiful range of clay products help you with original food and earth nutrients. Click on the products below for more information and take a step towards a healthier life..Packages \/ Sets Great Vedic Starter Set Large Ayurveda starter set with clay pot, drinking cups, yogurt jar, and clay [...]","protected":false},"author":1,"featured_media":0,"parent":0,"menu_order":0,"comment_status":"closed","ping_status":"closed","template":"","meta":{"footnotes":""},"class_list":["post-415","page","type-page","status-publish","hentry"],"yoast_head":"<!-- This site is optimized with the Yoast SEO plugin v27.3 - https:\/\/yoast.com\/product\/yoast-seo-wordpress\/ -->\n<title>Vedaleben Shop | Buy eco friendly traditional Ayurvedic Clay Products<\/title>\n<meta name=\"description\" content=\"We offer ayurvedic products to promote an overall balanced health and consciousness. We help you know your ayurvedic character with an eBook and Test, that comes with each ayurvedic products.\" \/>\n<meta name=\"robots\" content=\"index, follow, max-snippet:-1, max-image-preview:large, max-video-preview:-1\" \/>\n<link rel=\"canonical\" href=\"https:\/\/vedaleben.de\/de\/our-products\/\" \/>\n<meta property=\"og:locale\" content=\"de_DE\" \/>\n<meta property=\"og:type\" content=\"article\" \/>\n<meta property=\"og:title\" content=\"Vedaleben Shop | Buy eco friendly traditional Ayurvedic Clay Products\" \/>\n<meta property=\"og:description\" content=\"We offer ayurvedic products to promote an overall balanced health and consciousness. We help you know your ayurvedic character with an eBook and Test, that comes with each ayurvedic products.\" \/>\n<meta property=\"og:url\" content=\"https:\/\/vedaleben.de\/de\/our-products\/\" \/>\n<meta property=\"og:site_name\" content=\"Vedaleben\" \/>\n<meta property=\"article:modified_time\" content=\"2026-04-06T10:52:08+00:00\" \/>\n<meta name=\"twitter:card\" content=\"summary_large_image\" \/>\n<meta name=\"twitter:label1\" content=\"Gesch\u00e4tzte Lesezeit\" \/>\n\t<meta name=\"twitter:data1\" content=\"4\u00a0Minuten\" \/>\n<script type=\"application\/ld+json\" class=\"yoast-schema-graph\">{\"@context\":\"https:\\\/\\\/schema.org\",\"@graph\":[{\"@type\":\"WebPage\",\"@id\":\"https:\\\/\\\/vedaleben.de\\\/our-products\\\/\",\"url\":\"https:\\\/\\\/vedaleben.de\\\/our-products\\\/\",\"name\":\"Vedaleben Shop | Buy eco friendly traditional Ayurvedic Clay Products\",\"isPartOf\":{\"@id\":\"https:\\\/\\\/vedaleben.de\\\/en\\\/#website\"},\"datePublished\":\"2020-07-08T16:03:06+00:00\",\"dateModified\":\"2026-04-06T10:52:08+00:00\",\"description\":\"We offer ayurvedic products to promote an overall balanced health and consciousness. We help you know your ayurvedic character with an eBook and Test, that comes with each ayurvedic products.\",\"breadcrumb\":{\"@id\":\"https:\\\/\\\/vedaleben.de\\\/our-products\\\/#breadcrumb\"},\"inLanguage\":\"de\",\"potentialAction\":[{\"@type\":\"ReadAction\",\"target\":[\"https:\\\/\\\/vedaleben.de\\\/our-products\\\/\"]}]},{\"@type\":\"BreadcrumbList\",\"@id\":\"https:\\\/\\\/vedaleben.de\\\/our-products\\\/#breadcrumb\",\"itemListElement\":[{\"@type\":\"ListItem\",\"position\":1,\"name\":\"Home\",\"item\":\"https:\\\/\\\/vedaleben.de\\\/\"},{\"@type\":\"ListItem\",\"position\":2,\"name\":\"Our Product\"}]},{\"@type\":\"WebSite\",\"@id\":\"https:\\\/\\\/vedaleben.de\\\/en\\\/#website\",\"url\":\"https:\\\/\\\/vedaleben.de\\\/en\\\/\",\"name\":\"Vedaleben\",\"description\":\"Vedaleben\",\"potentialAction\":[{\"@type\":\"SearchAction\",\"target\":{\"@type\":\"EntryPoint\",\"urlTemplate\":\"https:\\\/\\\/vedaleben.de\\\/en\\\/?s={search_term_string}\"},\"query-input\":{\"@type\":\"PropertyValueSpecification\",\"valueRequired\":true,\"valueName\":\"search_term_string\"}}],\"inLanguage\":\"de\"}]}<\/script>\n<!-- \/ Yoast SEO plugin. -->","yoast_head_json":{"title":"Vedaleben Shop | Buy eco friendly traditional Ayurvedic Clay Products","description":"We offer ayurvedic products to promote an overall balanced health and consciousness. We help you know your ayurvedic character with an eBook and Test, that comes with each ayurvedic products.","robots":{"index":"index","follow":"follow","max-snippet":"max-snippet:-1","max-image-preview":"max-image-preview:large","max-video-preview":"max-video-preview:-1"},"canonical":"https:\/\/vedaleben.de\/de\/our-products\/","og_locale":"de_DE","og_type":"article","og_title":"Vedaleben Shop | Buy eco friendly traditional Ayurvedic Clay Products","og_description":"We offer ayurvedic products to promote an overall balanced health and consciousness. We help you know your ayurvedic character with an eBook and Test, that comes with each ayurvedic products.","og_url":"https:\/\/vedaleben.de\/de\/our-products\/","og_site_name":"Vedaleben","article_modified_time":"2026-04-06T10:52:08+00:00","twitter_card":"summary_large_image","twitter_misc":{"Gesch\u00e4tzte Lesezeit":"4\u00a0Minuten"},"schema":{"@context":"https:\/\/schema.org","@graph":[{"@type":"WebPage","@id":"https:\/\/vedaleben.de\/our-products\/","url":"https:\/\/vedaleben.de\/our-products\/","name":"Vedaleben Shop | Buy eco friendly traditional Ayurvedic Clay Products","isPartOf":{"@id":"https:\/\/vedaleben.de\/en\/#website"},"datePublished":"2020-07-08T16:03:06+00:00","dateModified":"2026-04-06T10:52:08+00:00","description":"We offer ayurvedic products to promote an overall balanced health and consciousness. We help you know your ayurvedic character with an eBook and Test, that comes with each ayurvedic products.","breadcrumb":{"@id":"https:\/\/vedaleben.de\/our-products\/#breadcrumb"},"inLanguage":"de","potentialAction":[{"@type":"ReadAction","target":["https:\/\/vedaleben.de\/our-products\/"]}]},{"@type":"BreadcrumbList","@id":"https:\/\/vedaleben.de\/our-products\/#breadcrumb","itemListElement":[{"@type":"ListItem","position":1,"name":"Home","item":"https:\/\/vedaleben.de\/"},{"@type":"ListItem","position":2,"name":"Our Product"}]},{"@type":"WebSite","@id":"https:\/\/vedaleben.de\/en\/#website","url":"https:\/\/vedaleben.de\/en\/","name":"Vedaleben","description":"Vedaleben","potentialAction":[{"@type":"SearchAction","target":{"@type":"EntryPoint","urlTemplate":"https:\/\/vedaleben.de\/en\/?s={search_term_string}"},"query-input":{"@type":"PropertyValueSpecification","valueRequired":true,"valueName":"search_term_string"}}],"inLanguage":"de"}]}},"jetpack_sharing_enabled":true,"_links":{"self":[{"href":"https:\/\/vedaleben.de\/de\/wp-json\/wp\/v2\/pages\/415","targetHints":{"allow":["GET"]}}],"collection":[{"href":"https:\/\/vedaleben.de\/de\/wp-json\/wp\/v2\/pages"}],"about":[{"href":"https:\/\/vedaleben.de\/de\/wp-json\/wp\/v2\/types\/page"}],"author":[{"embeddable":true,"href":"https:\/\/vedaleben.de\/de\/wp-json\/wp\/v2\/users\/1"}],"replies":[{"embeddable":true,"href":"https:\/\/vedaleben.de\/de\/wp-json\/wp\/v2\/comments?post=415"}],"version-history":[{"count":98,"href":"https:\/\/vedaleben.de\/de\/wp-json\/wp\/v2\/pages\/415\/revisions"}],"predecessor-version":[{"id":2224,"href":"https:\/\/vedaleben.de\/de\/wp-json\/wp\/v2\/pages\/415\/revisions\/2224"}],"wp:attachment":[{"href":"https:\/\/vedaleben.de\/de\/wp-json\/wp\/v2\/media?parent=415"}],"curies":[{"name":"wp","href":"https:\/\/api.w.org\/{rel}","templated":true}]}}