{"id":20,"date":"2015-11-03T07:48:25","date_gmt":"2015-11-03T07:48:25","guid":{"rendered":"http:\/\/import.getbowtied.com\/mr-tailor2\/shop\/uncategorized\/beach-riot-nautical-one-piece-swimsuit\/"},"modified":"2025-10-22T06:10:24","modified_gmt":"2025-10-22T06:10:24","slug":"water-cups","status":"publish","type":"product","link":"https:\/\/vedaleben.de\/de\/produkt\/water-cups\/","title":{"rendered":"Wasserbecher aus Ton (4er-Pack)"},"content":{"rendered":"<div style=\"\"class=\"row normal_height vc_row wpb_row vc_row-fluid\"><div class=\"wpb_column vc_column_container vc_col-sm-12\"><div class=\"vc_column-inner\"><div class=\"wpb_wrapper\">\n\t<div class=\"wpb_text_column wpb_content_element\" >\n\t\t<div class=\"wpb_wrapper\">\n\t\t\t<div>\n<p>Die Tongef\u00e4\u00dfe von Vedaleben werden aus nat\u00fcrlichem, unglasiertem Ton hergestellt. Bei der Herstellung wird auf Chemikalien und k\u00fcnstliche Zusatzstoffe verzichtet. Daher sind die Tongef\u00e4\u00dfe von Vedaleben zwar nicht biologisch abbaubar, aber bei der Entsorgung werden keine Giftstoffe freigesetzt.<\/p>\n<p class=\"translation-block\">Packungsinhalt<em>: <\/em>Packung mit 4 handgefertigten Wasserbechern aus Ton.<\/p>\n<p>Pflege:<\/p>\n<ul>\n<li>Zur t\u00e4glichen Pflege verwenden Sie milde Seife und Wasser, um die Tassen regelm\u00e4\u00dfig zu waschen. Verwenden Sie keine Scheuerschw\u00e4mme, Stahlwolle oder Metallschrubber, da diese das Material besch\u00e4digen.<\/li>\n<\/ul>\n<\/div>\n<div><\/div>\n\n\t\t<\/div>\n\t<\/div>\n<\/div><\/div><\/div><\/div>","protected":false},"excerpt":{"rendered":"<p>Tongef\u00e4\u00dfe sind die ayurvedische Art des Servierens von Fl\u00fcssigkeiten und Getr\u00e4nken. Die Ton-Wasserbecher von Vedaleben sind aus nat\u00fcrlichem Ton handgefertigt, um einen ges\u00fcnderen, ayurvedischen Lebensstil zu inspirieren. Nat\u00fcrlicher Ton h\u00e4lt die den Fl\u00fcssigkeiten innewohnenden Mineralien zur\u00fcck und reichert Ihre Gaben mit zus\u00e4tzlichen Mikron\u00e4hrstoffen an. \nUnsere Ton-Wasserbecher ebenfalls f\u00fcr andere Getr\u00e4nke bestens geeignet, beispielsweise Milch und S\u00e4fte.<\/p>\n<p>Zus\u00e4tzlich sind die Tonbecher von Vedaleben eine umweltfreundliche Alternative zu Einweg-Plastik- und Papierbechern. Unsere Tonbecher sind ergonomisch f\u00fcr den t\u00e4glichen Gebrauch und Langlebigkeit konzipiert. Der Produktionsprozess vermeidet Chemikalien und k\u00fcnstliche Zusatzstoffe. Daher leiten die Tongef\u00e4\u00dfe von Vedaleben keine Giftstoffe in den Boden ein, wenn sie entsorgt werden.<\/p>\n<p>Alle unsere Tonbecher sind handgefertigt, daher ist jedes Exemplar ein Unikat. Es kann zu leichten Abweichungen in Farbe, Form oder Design kommen.<br><img loading=\"lazy\" decoding=\"async\" class=\"alignnone size-thumbnail wp-image-551\" src=\"http:\/\/vedaleben.de\/wp-content\/uploads\/2015\/11\/next-2-logo-150x150.png\" alt=\"\" width=\"150\" height=\"150\" srcset=\"https:\/\/vedaleben.de\/wp-content\/uploads\/2015\/11\/next-2-logo-150x150.png 150w, https:\/\/vedaleben.de\/wp-content\/uploads\/2015\/11\/next-2-logo-100x100.png 100w, https:\/\/vedaleben.de\/wp-content\/uploads\/2015\/11\/next-2-logo.png 200w\" sizes=\"auto, (max-width: 150px) 100vw, 150px\" \/><\/p>","protected":false},"featured_media":1982,"comment_status":"open","ping_status":"closed","template":"","meta":[],"product_brand":[],"product_cat":[32],"product_tag":[],"class_list":{"0":"post-20","1":"product","2":"type-product","3":"status-publish","4":"has-post-thumbnail","6":"product_cat-ton-produkte","8":"first","9":"instock","10":"featured","11":"taxable","12":"shipping-taxable","13":"purchasable","14":"product-type-simple"},"yoast_head":"<!-- This site is optimized with the Yoast SEO plugin v27.3 - https:\/\/yoast.com\/product\/yoast-seo-wordpress\/ -->\n<title>Clay water cups (Pack of 4) - Vedaleben<\/title>\n<meta name=\"description\" content=\"Handcrafted clay water cups is ideal for drinking and serving fluids. It enriches your drinks with micronutrients ayurvedically.\" \/>\n<meta name=\"robots\" content=\"index, follow, max-snippet:-1, max-image-preview:large, max-video-preview:-1\" \/>\n<link rel=\"canonical\" href=\"https:\/\/vedaleben.de\/de\/produkt\/water-cups\/\" \/>\n<meta property=\"og:locale\" content=\"de_DE\" \/>\n<meta property=\"og:type\" content=\"article\" \/>\n<meta property=\"og:title\" content=\"Clay water cups (Pack of 4) - Vedaleben\" \/>\n<meta property=\"og:description\" content=\"Handcrafted clay water cups is ideal for drinking and serving fluids. It enriches your drinks with micronutrients ayurvedically.\" \/>\n<meta property=\"og:url\" content=\"https:\/\/vedaleben.de\/de\/produkt\/water-cups\/\" \/>\n<meta property=\"og:site_name\" content=\"Vedaleben\" \/>\n<meta property=\"article:modified_time\" content=\"2025-10-22T06:10:24+00:00\" \/>\n<meta property=\"og:image\" content=\"https:\/\/vedaleben.de\/wp-content\/uploads\/2015\/11\/3.png\" \/>\n\t<meta property=\"og:image:width\" content=\"1080\" \/>\n\t<meta property=\"og:image:height\" content=\"1080\" \/>\n\t<meta property=\"og:image:type\" content=\"image\/png\" \/>\n<meta name=\"twitter:card\" content=\"summary_large_image\" \/>\n<meta name=\"twitter:label1\" content=\"Gesch\u00e4tzte Lesezeit\" \/>\n\t<meta name=\"twitter:data1\" content=\"1\u00a0Minute\" \/>\n<script type=\"application\/ld+json\" class=\"yoast-schema-graph\">{\"@context\":\"https:\\\/\\\/schema.org\",\"@graph\":[{\"@type\":\"WebPage\",\"@id\":\"https:\\\/\\\/vedaleben.de\\\/produkt\\\/water-cups\\\/\",\"url\":\"https:\\\/\\\/vedaleben.de\\\/produkt\\\/water-cups\\\/\",\"name\":\"Clay water cups (Pack of 4) - Vedaleben\",\"isPartOf\":{\"@id\":\"https:\\\/\\\/vedaleben.de\\\/en\\\/#website\"},\"primaryImageOfPage\":{\"@id\":\"https:\\\/\\\/vedaleben.de\\\/produkt\\\/water-cups\\\/#primaryimage\"},\"image\":{\"@id\":\"https:\\\/\\\/vedaleben.de\\\/produkt\\\/water-cups\\\/#primaryimage\"},\"thumbnailUrl\":\"https:\\\/\\\/vedaleben.de\\\/wp-content\\\/uploads\\\/2015\\\/11\\\/3.png\",\"datePublished\":\"2015-11-03T07:48:25+00:00\",\"dateModified\":\"2025-10-22T06:10:24+00:00\",\"description\":\"Handcrafted clay water cups is ideal for drinking and serving fluids. It enriches your drinks with micronutrients ayurvedically.\",\"breadcrumb\":{\"@id\":\"https:\\\/\\\/vedaleben.de\\\/produkt\\\/water-cups\\\/#breadcrumb\"},\"inLanguage\":\"de\",\"potentialAction\":[{\"@type\":\"ReadAction\",\"target\":[\"https:\\\/\\\/vedaleben.de\\\/produkt\\\/water-cups\\\/\"]}]},{\"@type\":\"ImageObject\",\"inLanguage\":\"de\",\"@id\":\"https:\\\/\\\/vedaleben.de\\\/produkt\\\/water-cups\\\/#primaryimage\",\"url\":\"https:\\\/\\\/vedaleben.de\\\/wp-content\\\/uploads\\\/2015\\\/11\\\/3.png\",\"contentUrl\":\"https:\\\/\\\/vedaleben.de\\\/wp-content\\\/uploads\\\/2015\\\/11\\\/3.png\",\"width\":1080,\"height\":1080},{\"@type\":\"BreadcrumbList\",\"@id\":\"https:\\\/\\\/vedaleben.de\\\/produkt\\\/water-cups\\\/#breadcrumb\",\"itemListElement\":[{\"@type\":\"ListItem\",\"position\":1,\"name\":\"Home\",\"item\":\"https:\\\/\\\/vedaleben.de\\\/\"},{\"@type\":\"ListItem\",\"position\":2,\"name\":\"Shop\",\"item\":\"https:\\\/\\\/vedaleben.de\\\/de\\\/shop\\\/\"},{\"@type\":\"ListItem\",\"position\":3,\"name\":\"Clay water cups (Pack of 4)\"}]},{\"@type\":\"WebSite\",\"@id\":\"https:\\\/\\\/vedaleben.de\\\/en\\\/#website\",\"url\":\"https:\\\/\\\/vedaleben.de\\\/en\\\/\",\"name\":\"Vedaleben\",\"description\":\"Vedaleben\",\"potentialAction\":[{\"@type\":\"SearchAction\",\"target\":{\"@type\":\"EntryPoint\",\"urlTemplate\":\"https:\\\/\\\/vedaleben.de\\\/en\\\/?s={search_term_string}\"},\"query-input\":{\"@type\":\"PropertyValueSpecification\",\"valueRequired\":true,\"valueName\":\"search_term_string\"}}],\"inLanguage\":\"de\"}]}<\/script>\n<!-- \/ Yoast SEO plugin. -->","yoast_head_json":{"title":"Clay water cups (Pack of 4) - Vedaleben","description":"Handcrafted clay water cups is ideal for drinking and serving fluids. It enriches your drinks with micronutrients ayurvedically.","robots":{"index":"index","follow":"follow","max-snippet":"max-snippet:-1","max-image-preview":"max-image-preview:large","max-video-preview":"max-video-preview:-1"},"canonical":"https:\/\/vedaleben.de\/de\/produkt\/water-cups\/","og_locale":"de_DE","og_type":"article","og_title":"Clay water cups (Pack of 4) - Vedaleben","og_description":"Handcrafted clay water cups is ideal for drinking and serving fluids. It enriches your drinks with micronutrients ayurvedically.","og_url":"https:\/\/vedaleben.de\/de\/produkt\/water-cups\/","og_site_name":"Vedaleben","article_modified_time":"2025-10-22T06:10:24+00:00","og_image":[{"width":1080,"height":1080,"url":"https:\/\/vedaleben.de\/wp-content\/uploads\/2015\/11\/3.png","type":"image\/png"}],"twitter_card":"summary_large_image","twitter_misc":{"Gesch\u00e4tzte Lesezeit":"1\u00a0Minute"},"schema":{"@context":"https:\/\/schema.org","@graph":[{"@type":"WebPage","@id":"https:\/\/vedaleben.de\/produkt\/water-cups\/","url":"https:\/\/vedaleben.de\/produkt\/water-cups\/","name":"Clay water cups (Pack of 4) - Vedaleben","isPartOf":{"@id":"https:\/\/vedaleben.de\/en\/#website"},"primaryImageOfPage":{"@id":"https:\/\/vedaleben.de\/produkt\/water-cups\/#primaryimage"},"image":{"@id":"https:\/\/vedaleben.de\/produkt\/water-cups\/#primaryimage"},"thumbnailUrl":"https:\/\/vedaleben.de\/wp-content\/uploads\/2015\/11\/3.png","datePublished":"2015-11-03T07:48:25+00:00","dateModified":"2025-10-22T06:10:24+00:00","description":"Handcrafted clay water cups is ideal for drinking and serving fluids. It enriches your drinks with micronutrients ayurvedically.","breadcrumb":{"@id":"https:\/\/vedaleben.de\/produkt\/water-cups\/#breadcrumb"},"inLanguage":"de","potentialAction":[{"@type":"ReadAction","target":["https:\/\/vedaleben.de\/produkt\/water-cups\/"]}]},{"@type":"ImageObject","inLanguage":"de","@id":"https:\/\/vedaleben.de\/produkt\/water-cups\/#primaryimage","url":"https:\/\/vedaleben.de\/wp-content\/uploads\/2015\/11\/3.png","contentUrl":"https:\/\/vedaleben.de\/wp-content\/uploads\/2015\/11\/3.png","width":1080,"height":1080},{"@type":"BreadcrumbList","@id":"https:\/\/vedaleben.de\/produkt\/water-cups\/#breadcrumb","itemListElement":[{"@type":"ListItem","position":1,"name":"Home","item":"https:\/\/vedaleben.de\/"},{"@type":"ListItem","position":2,"name":"Shop","item":"https:\/\/vedaleben.de\/de\/shop\/"},{"@type":"ListItem","position":3,"name":"Clay water cups (Pack of 4)"}]},{"@type":"WebSite","@id":"https:\/\/vedaleben.de\/en\/#website","url":"https:\/\/vedaleben.de\/en\/","name":"Vedaleben","description":"Vedaleben","potentialAction":[{"@type":"SearchAction","target":{"@type":"EntryPoint","urlTemplate":"https:\/\/vedaleben.de\/en\/?s={search_term_string}"},"query-input":{"@type":"PropertyValueSpecification","valueRequired":true,"valueName":"search_term_string"}}],"inLanguage":"de"}]}},"jetpack_sharing_enabled":true,"_links":{"self":[{"href":"https:\/\/vedaleben.de\/de\/wp-json\/wp\/v2\/product\/20","targetHints":{"allow":["GET"]}}],"collection":[{"href":"https:\/\/vedaleben.de\/de\/wp-json\/wp\/v2\/product"}],"about":[{"href":"https:\/\/vedaleben.de\/de\/wp-json\/wp\/v2\/types\/product"}],"replies":[{"embeddable":true,"href":"https:\/\/vedaleben.de\/de\/wp-json\/wp\/v2\/comments?post=20"}],"wp:featuredmedia":[{"embeddable":true,"href":"https:\/\/vedaleben.de\/de\/wp-json\/wp\/v2\/media\/1982"}],"wp:attachment":[{"href":"https:\/\/vedaleben.de\/de\/wp-json\/wp\/v2\/media?parent=20"}],"wp:term":[{"taxonomy":"product_brand","embeddable":true,"href":"https:\/\/vedaleben.de\/de\/wp-json\/wp\/v2\/product_brand?post=20"},{"taxonomy":"product_cat","embeddable":true,"href":"https:\/\/vedaleben.de\/de\/wp-json\/wp\/v2\/product_cat?post=20"},{"taxonomy":"product_tag","embeddable":true,"href":"https:\/\/vedaleben.de\/de\/wp-json\/wp\/v2\/product_tag?post=20"}],"curies":[{"name":"wp","href":"https:\/\/api.w.org\/{rel}","templated":true}]}}