{"id":25,"date":"2015-11-03T07:49:11","date_gmt":"2015-11-03T07:49:11","guid":{"rendered":"http:\/\/import.getbowtied.com\/mr-tailor2\/shop\/uncategorized\/reva-yellow-ballerina-flat\/"},"modified":"2023-09-07T17:35:05","modified_gmt":"2023-09-07T17:35:05","slug":"clay-water-pot","status":"publish","type":"product","link":"https:\/\/vedaleben.de\/de\/produkt\/clay-water-pot\/","title":{"rendered":"Tonwasserspender mit Zapfhahn"},"content":{"rendered":"<div style=\"\"class=\"row normal_height vc_row wpb_row vc_row-fluid\"><div class=\"wpb_column vc_column_container vc_col-sm-12\"><div class=\"vc_column-inner\"><div class=\"wpb_wrapper\">\n\t<div class=\"wpb_text_column wpb_content_element\" >\n\t\t<div class=\"wpb_wrapper\">\n\t\t\t<div>\n<p>Unser Ton-Wassertopf ist aus 100% nat\u00fcrlichem Ton, ungiftig, bleifrei, arsenfrei, kadmiumfrei, unglasiert ohne k\u00fcnstliche Farben und schadet Ihrer Gesundheit und Umwelt in keiner Weise. BLEIBEN SIE NAT\u00dcRLICH &amp; GESUND MIT Vedaleben!<\/p>\n<p class=\"translation-block\"><em>Packungsinhalt:<\/em> 1 Ton-Wasserkanne mit Wasserhahn<\/p>\n<p class=\"translation-block\"><em>Pflegehinweis<\/em>: Halten Sie den Topf immer in der N\u00e4he des Fensters oder an einem Ort mit Luftzirkulation f\u00fcr eine bessere K\u00fchlung. Der Wassertopf kann mit Wasser gef\u00fcllt und f\u00fcr ein oder 2 Tage vor der Verwendung beiseite gestellt werden. Die Produkte sind zerbrechlich und sollten mit Sorgfalt behandelt werden.<\/p>\n<\/div>\n<div>\n<p>F\u00fcllen Sie den Topf vor dem ersten Gebrauch \u00fcber Nacht mit Wasser, damit er einsatzbereit ist. Waschen Sie ihn mit frischem Wasser, indem Sie den Topf vorsichtig schrubben. Vermeiden Sie die Verwendung von Seife. Handw\u00e4sche wird empfohlen. Lassen Sie ihn vor jedem Gebrauch nat\u00fcrlich trocknen.<\/p>\n<\/div>\n\n\t\t<\/div>\n\t<\/div>\n<\/div><\/div><\/div><\/div>","protected":false},"excerpt":{"rendered":"<p>Wasser ist eine wesentliche Zutat im Ayurveda und wenn es mit Kr\u00e4utern aufgegossen wird, besitzt es die heilende Kraft. Der Schl\u00fcssel ist, es in einem neutralen Gef\u00e4\u00df zu lagern, um ein Ungleichgewicht der Dosha zu vermeiden. Unser Tonwasserspender mit Flip-Hahn ist aus rohem, irdenem Ton ohne Glasur innen und au\u00dfen gefertigt. Das Design ist eine Verschmelzung von angenehmer \u00c4sthetik und Zweckm\u00e4\u00dfigkeit. Er ist leicht zu reinigen und nachzuf\u00fcllen.<\/p>\n<p>Da Tonerde von Natur aus alkalisch ist, hilft sie, das pH-Gleichgewicht in unserem K\u00f6rper aufrechtzuerhalten, da der menschliche K\u00f6rper bekannterma\u00dfen von Natur aus sauer ist. Alkalische Tonerde reagiert dann mit dem sauren Wasser und schafft so ein richtiges pH-Gleichgewicht. Daher werden \u00dcbers\u00e4uerung und Magenschmerzen gelindert und die Verdauung verbessert. Tonerde hilft auch, 50% der Kalkablagerungen im Wasser zu reduzieren.<\/p>\n<p>Das Trinken aus diesem Topf kann den Stoffwechsel ankurbeln, da er keine gef\u00e4hrlichen Chemikalien wie BPA enth\u00e4lt, die in Plastikbeh\u00e4ltern zu finden sind. Dies hilft au\u00dferdem dabei, den Testosteronspiegel im Gleichgewicht zu halten, im Gegensatz zu Plastik, das wiederum den Testosteronspiegel im K\u00f6rper senkt.<\/p>\n<p>Es h\u00e4lt Wasser k\u00fchl die ganze Zeit in allen Jahreszeiten. Wasser dieses Topfes ist auch sanft auf die Kehle, ideal f\u00fcr Menschen, die von Husten oder Erk\u00e4ltung leiden. Es versorgt den K\u00f6rper auch mit notwendigen N\u00e4hrstoffen und Vitaminen, um den Blutzuckerspiegel aufrechtzuerhalten und sch\u00fctzt uns vor Hitzeschl\u00e4gen.<\/p>\n<p>Bewahren Sie Ihre ayurvedischen Getr\u00e4nke in diesem Topf auf und trinken Sie sie \u00fcber den Tag verteilt, um die Vorteile zu maximieren.<\/p>\n<div>\n<p><img loading=\"lazy\" decoding=\"async\" class=\"alignnone wp-image-537\" src=\"http:\/\/vedaleben.de\/wp-content\/uploads\/2015\/11\/Natural-logo-150x150.png\" alt=\"\" width=\"90\" height=\"90\" srcset=\"https:\/\/vedaleben.de\/wp-content\/uploads\/2015\/11\/Natural-logo-150x150.png 150w, https:\/\/vedaleben.de\/wp-content\/uploads\/2015\/11\/Natural-logo-100x100.png 100w, https:\/\/vedaleben.de\/wp-content\/uploads\/2015\/11\/Natural-logo.png 200w\" sizes=\"auto, (max-width: 90px) 100vw, 90px\" \/><\/p>\n<\/div>","protected":false},"featured_media":1251,"comment_status":"open","ping_status":"closed","template":"","meta":[],"product_brand":[],"product_cat":[32],"product_tag":[],"class_list":{"0":"post-25","1":"product","2":"type-product","3":"status-publish","4":"has-post-thumbnail","6":"product_cat-ton-produkte","8":"first","9":"outofstock","10":"featured","11":"taxable","12":"shipping-taxable","13":"purchasable","14":"product-type-simple"},"yoast_head":"<!-- This site is optimized with the Yoast SEO plugin v27.3 - https:\/\/yoast.com\/product\/yoast-seo-wordpress\/ -->\n<title>Clay Water Dispenser with tap - Vedaleben<\/title>\n<meta name=\"robots\" content=\"index, follow, max-snippet:-1, max-image-preview:large, max-video-preview:-1\" \/>\n<link rel=\"canonical\" href=\"https:\/\/vedaleben.de\/de\/produkt\/clay-water-pot\/\" \/>\n<meta property=\"og:locale\" content=\"de_DE\" \/>\n<meta property=\"og:type\" content=\"article\" \/>\n<meta property=\"og:title\" content=\"Clay Water Dispenser with tap - Vedaleben\" \/>\n<meta property=\"og:description\" content=\"Water is an essential ingredient in Ayurveda and when infused with herbs, it possesses the healing power. The key is to store it in a neutral vessel to avoid an imbalance of Dosha. Our clay water dispenser with flip tap is made in raw earthen clay with no glazing inside and outside. The design is a fusion of pleasant aesthetics and practicality. It is easy to clean and refill.  Since clay is alkaline in nature it helps to maintain the pH balance in our bodies, since the human body is known to be acidic in nature. Alkaline clay then reacts with the acidic water hence creating a proper pH balance. Hence, acidity and gastronomic pains are relieved and improves digestion. Clay also helps reduce 50% of the limescale in the water.  Drinking from this pot can boost metabolism since it has no dangerous chemicals like BPA, which can be found in plastic containers. This further helps in keeping testosterone levels balanced, as opposed to plastic, which in turn brings down body testosterone levels.  It keeps water cool all the times in all the seasons. Water of this pot is also gentle on the throat, ideal for people suffering from cough or cold. It also provides the body with necessary nutrients and vitamins to maintain the body glucose and prevents us from heat strokes.  Store your ayurvedic drinks in this pot and drink throughout the day to maximize the benefits.\" \/>\n<meta property=\"og:url\" content=\"https:\/\/vedaleben.de\/de\/produkt\/clay-water-pot\/\" \/>\n<meta property=\"og:site_name\" content=\"Vedaleben\" \/>\n<meta property=\"article:modified_time\" content=\"2023-09-07T17:35:05+00:00\" \/>\n<meta property=\"og:image\" content=\"https:\/\/vedaleben.de\/wp-content\/uploads\/2015\/11\/Waterpot-2.png\" \/>\n\t<meta property=\"og:image:width\" content=\"1080\" \/>\n\t<meta property=\"og:image:height\" content=\"1080\" \/>\n\t<meta property=\"og:image:type\" content=\"image\/png\" \/>\n<meta name=\"twitter:card\" content=\"summary_large_image\" \/>\n<meta name=\"twitter:label1\" content=\"Gesch\u00e4tzte Lesezeit\" \/>\n\t<meta name=\"twitter:data1\" content=\"1\u00a0Minute\" \/>\n<script type=\"application\/ld+json\" class=\"yoast-schema-graph\">{\"@context\":\"https:\\\/\\\/schema.org\",\"@graph\":[{\"@type\":\"WebPage\",\"@id\":\"https:\\\/\\\/vedaleben.de\\\/produkt\\\/clay-water-pot\\\/\",\"url\":\"https:\\\/\\\/vedaleben.de\\\/produkt\\\/clay-water-pot\\\/\",\"name\":\"Clay Water Dispenser with tap - Vedaleben\",\"isPartOf\":{\"@id\":\"https:\\\/\\\/vedaleben.de\\\/en\\\/#website\"},\"primaryImageOfPage\":{\"@id\":\"https:\\\/\\\/vedaleben.de\\\/produkt\\\/clay-water-pot\\\/#primaryimage\"},\"image\":{\"@id\":\"https:\\\/\\\/vedaleben.de\\\/produkt\\\/clay-water-pot\\\/#primaryimage\"},\"thumbnailUrl\":\"https:\\\/\\\/vedaleben.de\\\/wp-content\\\/uploads\\\/2015\\\/11\\\/Waterpot-2.png\",\"datePublished\":\"2015-11-03T07:49:11+00:00\",\"dateModified\":\"2023-09-07T17:35:05+00:00\",\"breadcrumb\":{\"@id\":\"https:\\\/\\\/vedaleben.de\\\/produkt\\\/clay-water-pot\\\/#breadcrumb\"},\"inLanguage\":\"de\",\"potentialAction\":[{\"@type\":\"ReadAction\",\"target\":[\"https:\\\/\\\/vedaleben.de\\\/produkt\\\/clay-water-pot\\\/\"]}]},{\"@type\":\"ImageObject\",\"inLanguage\":\"de\",\"@id\":\"https:\\\/\\\/vedaleben.de\\\/produkt\\\/clay-water-pot\\\/#primaryimage\",\"url\":\"https:\\\/\\\/vedaleben.de\\\/wp-content\\\/uploads\\\/2015\\\/11\\\/Waterpot-2.png\",\"contentUrl\":\"https:\\\/\\\/vedaleben.de\\\/wp-content\\\/uploads\\\/2015\\\/11\\\/Waterpot-2.png\",\"width\":1080,\"height\":1080},{\"@type\":\"BreadcrumbList\",\"@id\":\"https:\\\/\\\/vedaleben.de\\\/produkt\\\/clay-water-pot\\\/#breadcrumb\",\"itemListElement\":[{\"@type\":\"ListItem\",\"position\":1,\"name\":\"Home\",\"item\":\"https:\\\/\\\/vedaleben.de\\\/\"},{\"@type\":\"ListItem\",\"position\":2,\"name\":\"Shop\",\"item\":\"https:\\\/\\\/vedaleben.de\\\/de\\\/shop\\\/\"},{\"@type\":\"ListItem\",\"position\":3,\"name\":\"Clay Water Dispenser with tap\"}]},{\"@type\":\"WebSite\",\"@id\":\"https:\\\/\\\/vedaleben.de\\\/en\\\/#website\",\"url\":\"https:\\\/\\\/vedaleben.de\\\/en\\\/\",\"name\":\"Vedaleben\",\"description\":\"Vedaleben\",\"potentialAction\":[{\"@type\":\"SearchAction\",\"target\":{\"@type\":\"EntryPoint\",\"urlTemplate\":\"https:\\\/\\\/vedaleben.de\\\/en\\\/?s={search_term_string}\"},\"query-input\":{\"@type\":\"PropertyValueSpecification\",\"valueRequired\":true,\"valueName\":\"search_term_string\"}}],\"inLanguage\":\"de\"}]}<\/script>\n<!-- \/ Yoast SEO plugin. -->","yoast_head_json":{"title":"Clay Water Dispenser with tap - Vedaleben","robots":{"index":"index","follow":"follow","max-snippet":"max-snippet:-1","max-image-preview":"max-image-preview:large","max-video-preview":"max-video-preview:-1"},"canonical":"https:\/\/vedaleben.de\/de\/produkt\/clay-water-pot\/","og_locale":"de_DE","og_type":"article","og_title":"Clay Water Dispenser with tap - Vedaleben","og_description":"Water is an essential ingredient in Ayurveda and when infused with herbs, it possesses the healing power. The key is to store it in a neutral vessel to avoid an imbalance of Dosha. Our clay water dispenser with flip tap is made in raw earthen clay with no glazing inside and outside. The design is a fusion of pleasant aesthetics and practicality. It is easy to clean and refill.  Since clay is alkaline in nature it helps to maintain the pH balance in our bodies, since the human body is known to be acidic in nature. Alkaline clay then reacts with the acidic water hence creating a proper pH balance. Hence, acidity and gastronomic pains are relieved and improves digestion. Clay also helps reduce 50% of the limescale in the water.  Drinking from this pot can boost metabolism since it has no dangerous chemicals like BPA, which can be found in plastic containers. This further helps in keeping testosterone levels balanced, as opposed to plastic, which in turn brings down body testosterone levels.  It keeps water cool all the times in all the seasons. Water of this pot is also gentle on the throat, ideal for people suffering from cough or cold. It also provides the body with necessary nutrients and vitamins to maintain the body glucose and prevents us from heat strokes.  Store your ayurvedic drinks in this pot and drink throughout the day to maximize the benefits.","og_url":"https:\/\/vedaleben.de\/de\/produkt\/clay-water-pot\/","og_site_name":"Vedaleben","article_modified_time":"2023-09-07T17:35:05+00:00","og_image":[{"width":1080,"height":1080,"url":"https:\/\/vedaleben.de\/wp-content\/uploads\/2015\/11\/Waterpot-2.png","type":"image\/png"}],"twitter_card":"summary_large_image","twitter_misc":{"Gesch\u00e4tzte Lesezeit":"1\u00a0Minute"},"schema":{"@context":"https:\/\/schema.org","@graph":[{"@type":"WebPage","@id":"https:\/\/vedaleben.de\/produkt\/clay-water-pot\/","url":"https:\/\/vedaleben.de\/produkt\/clay-water-pot\/","name":"Clay Water Dispenser with tap - Vedaleben","isPartOf":{"@id":"https:\/\/vedaleben.de\/en\/#website"},"primaryImageOfPage":{"@id":"https:\/\/vedaleben.de\/produkt\/clay-water-pot\/#primaryimage"},"image":{"@id":"https:\/\/vedaleben.de\/produkt\/clay-water-pot\/#primaryimage"},"thumbnailUrl":"https:\/\/vedaleben.de\/wp-content\/uploads\/2015\/11\/Waterpot-2.png","datePublished":"2015-11-03T07:49:11+00:00","dateModified":"2023-09-07T17:35:05+00:00","breadcrumb":{"@id":"https:\/\/vedaleben.de\/produkt\/clay-water-pot\/#breadcrumb"},"inLanguage":"de","potentialAction":[{"@type":"ReadAction","target":["https:\/\/vedaleben.de\/produkt\/clay-water-pot\/"]}]},{"@type":"ImageObject","inLanguage":"de","@id":"https:\/\/vedaleben.de\/produkt\/clay-water-pot\/#primaryimage","url":"https:\/\/vedaleben.de\/wp-content\/uploads\/2015\/11\/Waterpot-2.png","contentUrl":"https:\/\/vedaleben.de\/wp-content\/uploads\/2015\/11\/Waterpot-2.png","width":1080,"height":1080},{"@type":"BreadcrumbList","@id":"https:\/\/vedaleben.de\/produkt\/clay-water-pot\/#breadcrumb","itemListElement":[{"@type":"ListItem","position":1,"name":"Home","item":"https:\/\/vedaleben.de\/"},{"@type":"ListItem","position":2,"name":"Shop","item":"https:\/\/vedaleben.de\/de\/shop\/"},{"@type":"ListItem","position":3,"name":"Clay Water Dispenser with tap"}]},{"@type":"WebSite","@id":"https:\/\/vedaleben.de\/en\/#website","url":"https:\/\/vedaleben.de\/en\/","name":"Vedaleben","description":"Vedaleben","potentialAction":[{"@type":"SearchAction","target":{"@type":"EntryPoint","urlTemplate":"https:\/\/vedaleben.de\/en\/?s={search_term_string}"},"query-input":{"@type":"PropertyValueSpecification","valueRequired":true,"valueName":"search_term_string"}}],"inLanguage":"de"}]}},"jetpack_sharing_enabled":true,"_links":{"self":[{"href":"https:\/\/vedaleben.de\/de\/wp-json\/wp\/v2\/product\/25","targetHints":{"allow":["GET"]}}],"collection":[{"href":"https:\/\/vedaleben.de\/de\/wp-json\/wp\/v2\/product"}],"about":[{"href":"https:\/\/vedaleben.de\/de\/wp-json\/wp\/v2\/types\/product"}],"replies":[{"embeddable":true,"href":"https:\/\/vedaleben.de\/de\/wp-json\/wp\/v2\/comments?post=25"}],"wp:featuredmedia":[{"embeddable":true,"href":"https:\/\/vedaleben.de\/de\/wp-json\/wp\/v2\/media\/1251"}],"wp:attachment":[{"href":"https:\/\/vedaleben.de\/de\/wp-json\/wp\/v2\/media?parent=25"}],"wp:term":[{"taxonomy":"product_brand","embeddable":true,"href":"https:\/\/vedaleben.de\/de\/wp-json\/wp\/v2\/product_brand?post=25"},{"taxonomy":"product_cat","embeddable":true,"href":"https:\/\/vedaleben.de\/de\/wp-json\/wp\/v2\/product_cat?post=25"},{"taxonomy":"product_tag","embeddable":true,"href":"https:\/\/vedaleben.de\/de\/wp-json\/wp\/v2\/product_tag?post=25"}],"curies":[{"name":"wp","href":"https:\/\/api.w.org\/{rel}","templated":true}]}}