{"id":721,"date":"2020-11-16T21:52:15","date_gmt":"2020-11-16T21:52:15","guid":{"rendered":"http:\/\/vedaleben.de\/?post_type=product&#038;p=721"},"modified":"2025-10-02T17:00:22","modified_gmt":"2025-10-02T17:00:22","slug":"curd-pot-2","status":"publish","type":"product","link":"https:\/\/vedaleben.de\/de\/produkt\/curd-pot-2\/","title":{"rendered":"Joghurtbecher aus Ton (2er-Pack)"},"content":{"rendered":"<p>Dieser Joghurtbecher ist aus umweltfreundlichen Materialien ohne Metalle, Chemikalien, Glasuren oder Giftstoffe hergestellt.<\/p>\n<p class=\"translation-block\"><em>Packungsinhalt<\/em>: 2 Joghurtbecher aus Ton<\/p>\n<p class=\"translation-block\"><em>Pflegehinweise:\u00a0<\/em>Topf \u00fcber Nacht in Wasser eintauchen. Nach dem Trocknen verwenden. F\u00fcr die t\u00e4gliche Pflege, B\u00fcrste, um den Topf zu waschen, regelm\u00e4\u00dfig. Behandeln Sie ihn mit Vorsicht, da es sich um zerbrechliche Produkte handelt.<\/p>","protected":false},"excerpt":{"rendered":"<p>Joghurt \/ Quark ist ein wesentlicher Bestandteil der ayurvedischen Ern\u00e4hrung. Er befriedet Vata und erh\u00f6ht Kapha und Pitta Dosha. Kommerzieller Joghurt kann sch\u00e4dliche Zusatzstoffe, Zucker oder k\u00fcnstliche Verdickungsmittel enthalten, die Ihrem K\u00f6rper mehr schaden k\u00f6nnen, als Ihre Doshas auszugleichen. Wenn Sie Joghurt mit unserem unglasierten Joghurtbecher selbst herstellen, sind Sie vor sch\u00e4dlichen Chemikalien sicher. Er hilft dabei, den Geschmack, die Qualit\u00e4t und den N\u00e4hrwert des Joghurts zu erhalten. Ton h\u00e4lt die Temperatur f\u00fcr eine lange Zeit und ist daher ideal, um schmackhaften Joghurt anzusetzen, ohne dass er verdirbt oder sauer wird. Die Herstellung von Joghurt in dieser Sch\u00fcssel verleiht ihm die richtige Dicke und Konsistenz, da der Ton die \u00fcbersch\u00fcssige Molke\/Wasser des Joghurts aufsaugt.<\/p>\n<p>Dieser aus Terrakotta gefertigte Becher neutralisiert den pH-Wert des Joghurts. Sie k\u00f6nnen nun den Geschmack von Joghurt mit einem unverwechselbar erdigen Aroma und Duft genie\u00dfen.<\/p>\n<p><img loading=\"lazy\" decoding=\"async\" class=\"alignnone size-thumbnail wp-image-550\" src=\"http:\/\/vedaleben.de\/wp-content\/uploads\/2015\/11\/2-logo-150x150.png\" alt=\"\" width=\"150\" height=\"150\" srcset=\"https:\/\/vedaleben.de\/wp-content\/uploads\/2015\/11\/2-logo-150x150.png 150w, https:\/\/vedaleben.de\/wp-content\/uploads\/2015\/11\/2-logo-100x100.png 100w, https:\/\/vedaleben.de\/wp-content\/uploads\/2015\/11\/2-logo.png 200w\" sizes=\"auto, (max-width: 150px) 100vw, 150px\" \/><img loading=\"lazy\" decoding=\"async\" class=\"alignnone size-thumbnail wp-image-551\" src=\"http:\/\/vedaleben.de\/wp-content\/uploads\/2015\/11\/next-2-logo-150x150.png\" alt=\"\" width=\"150\" height=\"150\" srcset=\"https:\/\/vedaleben.de\/wp-content\/uploads\/2015\/11\/next-2-logo-150x150.png 150w, https:\/\/vedaleben.de\/wp-content\/uploads\/2015\/11\/next-2-logo-100x100.png 100w, https:\/\/vedaleben.de\/wp-content\/uploads\/2015\/11\/next-2-logo.png 200w\" sizes=\"auto, (max-width: 150px) 100vw, 150px\" \/><\/p>","protected":false},"featured_media":1288,"comment_status":"open","ping_status":"closed","template":"","meta":[],"product_brand":[],"product_cat":[32],"product_tag":[],"class_list":{"0":"post-721","1":"product","2":"type-product","3":"status-publish","4":"has-post-thumbnail","6":"product_cat-ton-produkte","8":"first","9":"instock","10":"taxable","11":"shipping-taxable","12":"purchasable","13":"product-type-simple"},"yoast_head":"<!-- This site is optimized with the Yoast SEO plugin v27.3 - https:\/\/yoast.com\/product\/yoast-seo-wordpress\/ -->\n<title>Clay Curd Pot (Set of 2) - Vedaleben<\/title>\n<meta name=\"description\" content=\"Our clay curd pot gives you creamy &amp; healthy Yoghurt with ayurvedic benefits. The Yoghurt is neither sour or watery, but a perfect texture.\" \/>\n<meta name=\"robots\" content=\"index, follow, max-snippet:-1, max-image-preview:large, max-video-preview:-1\" \/>\n<link rel=\"canonical\" href=\"https:\/\/vedaleben.de\/de\/produkt\/curd-pot-2\/\" \/>\n<meta property=\"og:locale\" content=\"de_DE\" \/>\n<meta property=\"og:type\" content=\"article\" \/>\n<meta property=\"og:title\" content=\"Clay Curd Pot (Set of 2) - Vedaleben\" \/>\n<meta property=\"og:description\" content=\"Our clay curd pot gives you creamy &amp; healthy Yoghurt with ayurvedic benefits. The Yoghurt is neither sour or watery, but a perfect texture.\" \/>\n<meta property=\"og:url\" content=\"https:\/\/vedaleben.de\/de\/produkt\/curd-pot-2\/\" \/>\n<meta property=\"og:site_name\" content=\"Vedaleben\" \/>\n<meta property=\"article:modified_time\" content=\"2025-10-02T17:00:22+00:00\" \/>\n<meta property=\"og:image\" content=\"https:\/\/vedaleben.de\/wp-content\/uploads\/2020\/11\/Clay-curd-setting-pot1.png\" \/>\n\t<meta property=\"og:image:width\" content=\"1080\" \/>\n\t<meta property=\"og:image:height\" content=\"1080\" \/>\n\t<meta property=\"og:image:type\" content=\"image\/png\" \/>\n<meta name=\"twitter:card\" content=\"summary_large_image\" \/>\n<meta name=\"twitter:label1\" content=\"Gesch\u00e4tzte Lesezeit\" \/>\n\t<meta name=\"twitter:data1\" content=\"1\u00a0Minute\" \/>\n<script type=\"application\/ld+json\" class=\"yoast-schema-graph\">{\"@context\":\"https:\\\/\\\/schema.org\",\"@graph\":[{\"@type\":\"WebPage\",\"@id\":\"https:\\\/\\\/vedaleben.de\\\/produkt\\\/curd-pot-2\\\/\",\"url\":\"https:\\\/\\\/vedaleben.de\\\/produkt\\\/curd-pot-2\\\/\",\"name\":\"Clay Curd Pot (Set of 2) - Vedaleben\",\"isPartOf\":{\"@id\":\"https:\\\/\\\/vedaleben.de\\\/en\\\/#website\"},\"primaryImageOfPage\":{\"@id\":\"https:\\\/\\\/vedaleben.de\\\/produkt\\\/curd-pot-2\\\/#primaryimage\"},\"image\":{\"@id\":\"https:\\\/\\\/vedaleben.de\\\/produkt\\\/curd-pot-2\\\/#primaryimage\"},\"thumbnailUrl\":\"https:\\\/\\\/vedaleben.de\\\/wp-content\\\/uploads\\\/2020\\\/11\\\/Clay-curd-setting-pot1.png\",\"datePublished\":\"2020-11-16T21:52:15+00:00\",\"dateModified\":\"2025-10-02T17:00:22+00:00\",\"description\":\"Our clay curd pot gives you creamy & healthy Yoghurt with ayurvedic benefits. The Yoghurt is neither sour or watery, but a perfect texture.\",\"breadcrumb\":{\"@id\":\"https:\\\/\\\/vedaleben.de\\\/produkt\\\/curd-pot-2\\\/#breadcrumb\"},\"inLanguage\":\"de\",\"potentialAction\":[{\"@type\":\"ReadAction\",\"target\":[\"https:\\\/\\\/vedaleben.de\\\/produkt\\\/curd-pot-2\\\/\"]}]},{\"@type\":\"ImageObject\",\"inLanguage\":\"de\",\"@id\":\"https:\\\/\\\/vedaleben.de\\\/produkt\\\/curd-pot-2\\\/#primaryimage\",\"url\":\"https:\\\/\\\/vedaleben.de\\\/wp-content\\\/uploads\\\/2020\\\/11\\\/Clay-curd-setting-pot1.png\",\"contentUrl\":\"https:\\\/\\\/vedaleben.de\\\/wp-content\\\/uploads\\\/2020\\\/11\\\/Clay-curd-setting-pot1.png\",\"width\":1080,\"height\":1080},{\"@type\":\"BreadcrumbList\",\"@id\":\"https:\\\/\\\/vedaleben.de\\\/produkt\\\/curd-pot-2\\\/#breadcrumb\",\"itemListElement\":[{\"@type\":\"ListItem\",\"position\":1,\"name\":\"Home\",\"item\":\"https:\\\/\\\/vedaleben.de\\\/\"},{\"@type\":\"ListItem\",\"position\":2,\"name\":\"Shop\",\"item\":\"https:\\\/\\\/vedaleben.de\\\/de\\\/shop\\\/\"},{\"@type\":\"ListItem\",\"position\":3,\"name\":\"Clay Curd Pot (Set of 2)\"}]},{\"@type\":\"WebSite\",\"@id\":\"https:\\\/\\\/vedaleben.de\\\/en\\\/#website\",\"url\":\"https:\\\/\\\/vedaleben.de\\\/en\\\/\",\"name\":\"Vedaleben\",\"description\":\"Vedaleben\",\"potentialAction\":[{\"@type\":\"SearchAction\",\"target\":{\"@type\":\"EntryPoint\",\"urlTemplate\":\"https:\\\/\\\/vedaleben.de\\\/en\\\/?s={search_term_string}\"},\"query-input\":{\"@type\":\"PropertyValueSpecification\",\"valueRequired\":true,\"valueName\":\"search_term_string\"}}],\"inLanguage\":\"de\"}]}<\/script>\n<!-- \/ Yoast SEO plugin. -->","yoast_head_json":{"title":"Clay Curd Pot (Set of 2) - Vedaleben","description":"Our clay curd pot gives you creamy & healthy Yoghurt with ayurvedic benefits. The Yoghurt is neither sour or watery, but a perfect texture.","robots":{"index":"index","follow":"follow","max-snippet":"max-snippet:-1","max-image-preview":"max-image-preview:large","max-video-preview":"max-video-preview:-1"},"canonical":"https:\/\/vedaleben.de\/de\/produkt\/curd-pot-2\/","og_locale":"de_DE","og_type":"article","og_title":"Clay Curd Pot (Set of 2) - Vedaleben","og_description":"Our clay curd pot gives you creamy & healthy Yoghurt with ayurvedic benefits. The Yoghurt is neither sour or watery, but a perfect texture.","og_url":"https:\/\/vedaleben.de\/de\/produkt\/curd-pot-2\/","og_site_name":"Vedaleben","article_modified_time":"2025-10-02T17:00:22+00:00","og_image":[{"width":1080,"height":1080,"url":"https:\/\/vedaleben.de\/wp-content\/uploads\/2020\/11\/Clay-curd-setting-pot1.png","type":"image\/png"}],"twitter_card":"summary_large_image","twitter_misc":{"Gesch\u00e4tzte Lesezeit":"1\u00a0Minute"},"schema":{"@context":"https:\/\/schema.org","@graph":[{"@type":"WebPage","@id":"https:\/\/vedaleben.de\/produkt\/curd-pot-2\/","url":"https:\/\/vedaleben.de\/produkt\/curd-pot-2\/","name":"Clay Curd Pot (Set of 2) - Vedaleben","isPartOf":{"@id":"https:\/\/vedaleben.de\/en\/#website"},"primaryImageOfPage":{"@id":"https:\/\/vedaleben.de\/produkt\/curd-pot-2\/#primaryimage"},"image":{"@id":"https:\/\/vedaleben.de\/produkt\/curd-pot-2\/#primaryimage"},"thumbnailUrl":"https:\/\/vedaleben.de\/wp-content\/uploads\/2020\/11\/Clay-curd-setting-pot1.png","datePublished":"2020-11-16T21:52:15+00:00","dateModified":"2025-10-02T17:00:22+00:00","description":"Our clay curd pot gives you creamy & healthy Yoghurt with ayurvedic benefits. The Yoghurt is neither sour or watery, but a perfect texture.","breadcrumb":{"@id":"https:\/\/vedaleben.de\/produkt\/curd-pot-2\/#breadcrumb"},"inLanguage":"de","potentialAction":[{"@type":"ReadAction","target":["https:\/\/vedaleben.de\/produkt\/curd-pot-2\/"]}]},{"@type":"ImageObject","inLanguage":"de","@id":"https:\/\/vedaleben.de\/produkt\/curd-pot-2\/#primaryimage","url":"https:\/\/vedaleben.de\/wp-content\/uploads\/2020\/11\/Clay-curd-setting-pot1.png","contentUrl":"https:\/\/vedaleben.de\/wp-content\/uploads\/2020\/11\/Clay-curd-setting-pot1.png","width":1080,"height":1080},{"@type":"BreadcrumbList","@id":"https:\/\/vedaleben.de\/produkt\/curd-pot-2\/#breadcrumb","itemListElement":[{"@type":"ListItem","position":1,"name":"Home","item":"https:\/\/vedaleben.de\/"},{"@type":"ListItem","position":2,"name":"Shop","item":"https:\/\/vedaleben.de\/de\/shop\/"},{"@type":"ListItem","position":3,"name":"Clay Curd Pot (Set of 2)"}]},{"@type":"WebSite","@id":"https:\/\/vedaleben.de\/en\/#website","url":"https:\/\/vedaleben.de\/en\/","name":"Vedaleben","description":"Vedaleben","potentialAction":[{"@type":"SearchAction","target":{"@type":"EntryPoint","urlTemplate":"https:\/\/vedaleben.de\/en\/?s={search_term_string}"},"query-input":{"@type":"PropertyValueSpecification","valueRequired":true,"valueName":"search_term_string"}}],"inLanguage":"de"}]}},"jetpack_sharing_enabled":true,"_links":{"self":[{"href":"https:\/\/vedaleben.de\/de\/wp-json\/wp\/v2\/product\/721","targetHints":{"allow":["GET"]}}],"collection":[{"href":"https:\/\/vedaleben.de\/de\/wp-json\/wp\/v2\/product"}],"about":[{"href":"https:\/\/vedaleben.de\/de\/wp-json\/wp\/v2\/types\/product"}],"replies":[{"embeddable":true,"href":"https:\/\/vedaleben.de\/de\/wp-json\/wp\/v2\/comments?post=721"}],"wp:featuredmedia":[{"embeddable":true,"href":"https:\/\/vedaleben.de\/de\/wp-json\/wp\/v2\/media\/1288"}],"wp:attachment":[{"href":"https:\/\/vedaleben.de\/de\/wp-json\/wp\/v2\/media?parent=721"}],"wp:term":[{"taxonomy":"product_brand","embeddable":true,"href":"https:\/\/vedaleben.de\/de\/wp-json\/wp\/v2\/product_brand?post=721"},{"taxonomy":"product_cat","embeddable":true,"href":"https:\/\/vedaleben.de\/de\/wp-json\/wp\/v2\/product_cat?post=721"},{"taxonomy":"product_tag","embeddable":true,"href":"https:\/\/vedaleben.de\/de\/wp-json\/wp\/v2\/product_tag?post=721"}],"curies":[{"name":"wp","href":"https:\/\/api.w.org\/{rel}","templated":true}]}}