{"id":86,"date":"2015-09-09T14:40:53","date_gmt":"2015-09-09T14:40:53","guid":{"rendered":"http:\/\/import.getbowtied.com\/mr-tailor2\/shop\/uncategorized\/badgley-dip-back-maillot-swimsuit\/"},"modified":"2025-10-02T17:01:53","modified_gmt":"2025-10-02T17:01:53","slug":"tea-coffee-cups","status":"publish","type":"product","link":"https:\/\/vedaleben.de\/de\/produkt\/tea-coffee-cups\/","title":{"rendered":"Handgefertigte Tee-\/Kaffeetassen aus Ton (4er-Pack)"},"content":{"rendered":"<div style=\"\"class=\"row normal_height vc_row wpb_row vc_row-fluid\"><div class=\"wpb_column vc_column_container vc_col-sm-12\"><div class=\"vc_column-inner\"><div class=\"wpb_wrapper\">\n\t<div class=\"wpb_text_column wpb_content_element\" >\n\t\t<div class=\"wpb_wrapper\">\n\t\t\t<div>\n<p>Die Oberfl\u00e4che dieser Becher ist unglasiert und wird aus umweltfreundlichen, biologisch abbaubaren und nachhaltigen Materialien hergestellt.<\/p>\n<p class=\"translation-block\"><em>Packungsinhalt: <\/em>Packung mit 4 handgefertigten Kaffee-\/Teetassen aus Ton<\/p>\n<p><em>Reinigungshinweise:<\/em> Nach Gebrauch in Wasser abkochen, um zu sterilisieren. Vermeiden Sie Seife, da sie von Ton absorbiert werden kann und einen seifigen Geschmack hinterl\u00e4sst.<\/p>\n<\/div>\n\n\t\t<\/div>\n\t<\/div>\n<\/div><\/div><\/div><\/div>","protected":false},"excerpt":{"rendered":"<p class=\"translation-block\"><span class=\"a-list-item\">Erweitern Sie Ihr Tee- oder Kaffeeerlebnis mit unseren attraktiven, stilvollen und naturfreundlichen Tontassen.\u00a0<\/span>Unsere handgefertigten Tontassen sind aus nat\u00fcrlichen Materialien mit einer Mischung aus traditionellem und modernem Design hergestellt, so dass sie nach der Entsorgung den Boden und das Wasser nicht sch\u00e4digen. Was ist bedeutender, als frei von giftigen Chemikalien und Plastik zu sein.<\/p>\n<p>Die nat\u00fcrlichen Aromen Ihres Tees\/Kaffees werden in diesen Tassen mit einem erdigen Aroma verst\u00e4rkt. Sie helfen Ihnen, einen gesunden ayurvedischen Lebensstil zu f\u00fchren, indem sie die N\u00e4hrstoffe und Mineralien in Ihren Getr\u00e4nken auslaugen und Ihre Doshas st\u00e4rken.<\/p>\n<p><img loading=\"lazy\" decoding=\"async\" class=\"alignnone size-thumbnail wp-image-550\" src=\"http:\/\/vedaleben.de\/wp-content\/uploads\/2015\/11\/2-logo-150x150.png\" alt=\"\" width=\"150\" height=\"150\" srcset=\"https:\/\/vedaleben.de\/wp-content\/uploads\/2015\/11\/2-logo-150x150.png 150w, https:\/\/vedaleben.de\/wp-content\/uploads\/2015\/11\/2-logo-100x100.png 100w, https:\/\/vedaleben.de\/wp-content\/uploads\/2015\/11\/2-logo.png 200w\" sizes=\"auto, (max-width: 150px) 100vw, 150px\" \/><\/p>","protected":false},"featured_media":1281,"comment_status":"open","ping_status":"closed","template":"","meta":[],"product_brand":[],"product_cat":[32],"product_tag":[],"class_list":{"0":"post-86","1":"product","2":"type-product","3":"status-publish","4":"has-post-thumbnail","6":"product_cat-ton-produkte","8":"first","9":"instock","10":"taxable","11":"shipping-taxable","12":"purchasable","13":"product-type-simple"},"yoast_head":"<!-- This site is optimized with the Yoast SEO plugin v27.3 - https:\/\/yoast.com\/product\/yoast-seo-wordpress\/ -->\n<title>Handcrafted Clay Tea\/Coffee Cups (Pack of 4) - Vedaleben<\/title>\n<meta name=\"robots\" content=\"index, follow, max-snippet:-1, max-image-preview:large, max-video-preview:-1\" \/>\n<link rel=\"canonical\" href=\"https:\/\/vedaleben.de\/de\/produkt\/tea-coffee-cups\/\" \/>\n<meta property=\"og:locale\" content=\"de_DE\" \/>\n<meta property=\"og:type\" content=\"article\" \/>\n<meta property=\"og:title\" content=\"Handcrafted Clay Tea\/Coffee Cups (Pack of 4) - Vedaleben\" \/>\n<meta property=\"og:description\" content=\"Enhance your tea or coffee experience with our attractive, stylish and nature friendly clay cups.\u00a0Our handmade clay cups are made of natural materials with a blend of traditional and modern design, so they do not harm the soil and water after disposal. What&#039;s more significant than being free of toxic chemicals and plastic.  The natural flavors of your tea\/coffee are enhanced with an earthy aroma in these cups. They help you lead a healthy Ayurvedic lifestyle by leaching the nutrients and minerals to your drinks and powering your Doshas.\" \/>\n<meta property=\"og:url\" content=\"https:\/\/vedaleben.de\/de\/produkt\/tea-coffee-cups\/\" \/>\n<meta property=\"og:site_name\" content=\"Vedaleben\" \/>\n<meta property=\"article:modified_time\" content=\"2025-10-02T17:01:53+00:00\" \/>\n<meta property=\"og:image\" content=\"https:\/\/vedaleben.de\/wp-content\/uploads\/2015\/09\/Tea-cup.png\" \/>\n\t<meta property=\"og:image:width\" content=\"1080\" \/>\n\t<meta property=\"og:image:height\" content=\"1080\" \/>\n\t<meta property=\"og:image:type\" content=\"image\/png\" \/>\n<meta name=\"twitter:card\" content=\"summary_large_image\" \/>\n<meta name=\"twitter:label1\" content=\"Gesch\u00e4tzte Lesezeit\" \/>\n\t<meta name=\"twitter:data1\" content=\"1\u00a0Minute\" \/>\n<script type=\"application\/ld+json\" class=\"yoast-schema-graph\">{\"@context\":\"https:\\\/\\\/schema.org\",\"@graph\":[{\"@type\":\"WebPage\",\"@id\":\"https:\\\/\\\/vedaleben.de\\\/produkt\\\/tea-coffee-cups\\\/\",\"url\":\"https:\\\/\\\/vedaleben.de\\\/produkt\\\/tea-coffee-cups\\\/\",\"name\":\"Handcrafted Clay Tea\\\/Coffee Cups (Pack of 4) - Vedaleben\",\"isPartOf\":{\"@id\":\"https:\\\/\\\/vedaleben.de\\\/en\\\/#website\"},\"primaryImageOfPage\":{\"@id\":\"https:\\\/\\\/vedaleben.de\\\/produkt\\\/tea-coffee-cups\\\/#primaryimage\"},\"image\":{\"@id\":\"https:\\\/\\\/vedaleben.de\\\/produkt\\\/tea-coffee-cups\\\/#primaryimage\"},\"thumbnailUrl\":\"https:\\\/\\\/vedaleben.de\\\/wp-content\\\/uploads\\\/2015\\\/09\\\/Tea-cup.png\",\"datePublished\":\"2015-09-09T14:40:53+00:00\",\"dateModified\":\"2025-10-02T17:01:53+00:00\",\"breadcrumb\":{\"@id\":\"https:\\\/\\\/vedaleben.de\\\/produkt\\\/tea-coffee-cups\\\/#breadcrumb\"},\"inLanguage\":\"de\",\"potentialAction\":[{\"@type\":\"ReadAction\",\"target\":[\"https:\\\/\\\/vedaleben.de\\\/produkt\\\/tea-coffee-cups\\\/\"]}]},{\"@type\":\"ImageObject\",\"inLanguage\":\"de\",\"@id\":\"https:\\\/\\\/vedaleben.de\\\/produkt\\\/tea-coffee-cups\\\/#primaryimage\",\"url\":\"https:\\\/\\\/vedaleben.de\\\/wp-content\\\/uploads\\\/2015\\\/09\\\/Tea-cup.png\",\"contentUrl\":\"https:\\\/\\\/vedaleben.de\\\/wp-content\\\/uploads\\\/2015\\\/09\\\/Tea-cup.png\",\"width\":1080,\"height\":1080},{\"@type\":\"BreadcrumbList\",\"@id\":\"https:\\\/\\\/vedaleben.de\\\/produkt\\\/tea-coffee-cups\\\/#breadcrumb\",\"itemListElement\":[{\"@type\":\"ListItem\",\"position\":1,\"name\":\"Home\",\"item\":\"https:\\\/\\\/vedaleben.de\\\/\"},{\"@type\":\"ListItem\",\"position\":2,\"name\":\"Shop\",\"item\":\"https:\\\/\\\/vedaleben.de\\\/de\\\/shop\\\/\"},{\"@type\":\"ListItem\",\"position\":3,\"name\":\"Handcrafted Clay Tea\\\/Coffee Cups (Pack of 4)\"}]},{\"@type\":\"WebSite\",\"@id\":\"https:\\\/\\\/vedaleben.de\\\/en\\\/#website\",\"url\":\"https:\\\/\\\/vedaleben.de\\\/en\\\/\",\"name\":\"Vedaleben\",\"description\":\"Vedaleben\",\"potentialAction\":[{\"@type\":\"SearchAction\",\"target\":{\"@type\":\"EntryPoint\",\"urlTemplate\":\"https:\\\/\\\/vedaleben.de\\\/en\\\/?s={search_term_string}\"},\"query-input\":{\"@type\":\"PropertyValueSpecification\",\"valueRequired\":true,\"valueName\":\"search_term_string\"}}],\"inLanguage\":\"de\"}]}<\/script>\n<!-- \/ Yoast SEO plugin. -->","yoast_head_json":{"title":"Handcrafted Clay Tea\/Coffee Cups (Pack of 4) - Vedaleben","robots":{"index":"index","follow":"follow","max-snippet":"max-snippet:-1","max-image-preview":"max-image-preview:large","max-video-preview":"max-video-preview:-1"},"canonical":"https:\/\/vedaleben.de\/de\/produkt\/tea-coffee-cups\/","og_locale":"de_DE","og_type":"article","og_title":"Handcrafted Clay Tea\/Coffee Cups (Pack of 4) - Vedaleben","og_description":"Enhance your tea or coffee experience with our attractive, stylish and nature friendly clay cups.\u00a0Our handmade clay cups are made of natural materials with a blend of traditional and modern design, so they do not harm the soil and water after disposal. What's more significant than being free of toxic chemicals and plastic.  The natural flavors of your tea\/coffee are enhanced with an earthy aroma in these cups. They help you lead a healthy Ayurvedic lifestyle by leaching the nutrients and minerals to your drinks and powering your Doshas.","og_url":"https:\/\/vedaleben.de\/de\/produkt\/tea-coffee-cups\/","og_site_name":"Vedaleben","article_modified_time":"2025-10-02T17:01:53+00:00","og_image":[{"width":1080,"height":1080,"url":"https:\/\/vedaleben.de\/wp-content\/uploads\/2015\/09\/Tea-cup.png","type":"image\/png"}],"twitter_card":"summary_large_image","twitter_misc":{"Gesch\u00e4tzte Lesezeit":"1\u00a0Minute"},"schema":{"@context":"https:\/\/schema.org","@graph":[{"@type":"WebPage","@id":"https:\/\/vedaleben.de\/produkt\/tea-coffee-cups\/","url":"https:\/\/vedaleben.de\/produkt\/tea-coffee-cups\/","name":"Handcrafted Clay Tea\/Coffee Cups (Pack of 4) - Vedaleben","isPartOf":{"@id":"https:\/\/vedaleben.de\/en\/#website"},"primaryImageOfPage":{"@id":"https:\/\/vedaleben.de\/produkt\/tea-coffee-cups\/#primaryimage"},"image":{"@id":"https:\/\/vedaleben.de\/produkt\/tea-coffee-cups\/#primaryimage"},"thumbnailUrl":"https:\/\/vedaleben.de\/wp-content\/uploads\/2015\/09\/Tea-cup.png","datePublished":"2015-09-09T14:40:53+00:00","dateModified":"2025-10-02T17:01:53+00:00","breadcrumb":{"@id":"https:\/\/vedaleben.de\/produkt\/tea-coffee-cups\/#breadcrumb"},"inLanguage":"de","potentialAction":[{"@type":"ReadAction","target":["https:\/\/vedaleben.de\/produkt\/tea-coffee-cups\/"]}]},{"@type":"ImageObject","inLanguage":"de","@id":"https:\/\/vedaleben.de\/produkt\/tea-coffee-cups\/#primaryimage","url":"https:\/\/vedaleben.de\/wp-content\/uploads\/2015\/09\/Tea-cup.png","contentUrl":"https:\/\/vedaleben.de\/wp-content\/uploads\/2015\/09\/Tea-cup.png","width":1080,"height":1080},{"@type":"BreadcrumbList","@id":"https:\/\/vedaleben.de\/produkt\/tea-coffee-cups\/#breadcrumb","itemListElement":[{"@type":"ListItem","position":1,"name":"Home","item":"https:\/\/vedaleben.de\/"},{"@type":"ListItem","position":2,"name":"Shop","item":"https:\/\/vedaleben.de\/de\/shop\/"},{"@type":"ListItem","position":3,"name":"Handcrafted Clay Tea\/Coffee Cups (Pack of 4)"}]},{"@type":"WebSite","@id":"https:\/\/vedaleben.de\/en\/#website","url":"https:\/\/vedaleben.de\/en\/","name":"Vedaleben","description":"Vedaleben","potentialAction":[{"@type":"SearchAction","target":{"@type":"EntryPoint","urlTemplate":"https:\/\/vedaleben.de\/en\/?s={search_term_string}"},"query-input":{"@type":"PropertyValueSpecification","valueRequired":true,"valueName":"search_term_string"}}],"inLanguage":"de"}]}},"jetpack_sharing_enabled":true,"_links":{"self":[{"href":"https:\/\/vedaleben.de\/de\/wp-json\/wp\/v2\/product\/86","targetHints":{"allow":["GET"]}}],"collection":[{"href":"https:\/\/vedaleben.de\/de\/wp-json\/wp\/v2\/product"}],"about":[{"href":"https:\/\/vedaleben.de\/de\/wp-json\/wp\/v2\/types\/product"}],"replies":[{"embeddable":true,"href":"https:\/\/vedaleben.de\/de\/wp-json\/wp\/v2\/comments?post=86"}],"wp:featuredmedia":[{"embeddable":true,"href":"https:\/\/vedaleben.de\/de\/wp-json\/wp\/v2\/media\/1281"}],"wp:attachment":[{"href":"https:\/\/vedaleben.de\/de\/wp-json\/wp\/v2\/media?parent=86"}],"wp:term":[{"taxonomy":"product_brand","embeddable":true,"href":"https:\/\/vedaleben.de\/de\/wp-json\/wp\/v2\/product_brand?post=86"},{"taxonomy":"product_cat","embeddable":true,"href":"https:\/\/vedaleben.de\/de\/wp-json\/wp\/v2\/product_cat?post=86"},{"taxonomy":"product_tag","embeddable":true,"href":"https:\/\/vedaleben.de\/de\/wp-json\/wp\/v2\/product_tag?post=86"}],"curies":[{"name":"wp","href":"https:\/\/api.w.org\/{rel}","templated":true}]}}