{"id":87,"date":"2015-11-09T14:40:56","date_gmt":"2015-11-09T14:40:56","guid":{"rendered":"http:\/\/import.getbowtied.com\/mr-tailor2\/shop\/uncategorized\/tory-caroline-flat-yellow-eyewear\/"},"modified":"2025-10-02T17:00:46","modified_gmt":"2025-10-02T17:00:46","slug":"clay-water-bottle","status":"publish","type":"product","link":"https:\/\/vedaleben.de\/de\/produkt\/clay-water-bottle\/","title":{"rendered":"Handgefertigte Tonwasserflasche"},"content":{"rendered":"<div style=\"\"class=\"row normal_height vc_row wpb_row vc_row-fluid\"><div class=\"wpb_column vc_column_container vc_col-sm-12\"><div class=\"vc_column-inner\"><div class=\"wpb_wrapper\">\n\t<div class=\"wpb_text_column wpb_content_element\" >\n\t\t<div class=\"wpb_wrapper\">\n\t\t\t<p>Unsere Tonwasserflaschen sind unglasiert, ungiftig, bleifrei, arsenfrei, cadmiumfrei und ohne k\u00fcnstliche Farben. Sie werden aus umweltfreundlichem Naturton hergestellt und sind eine ges\u00fcndere Alternative zu Plastikflaschen.<\/p>\n<div>\n<p class=\"translation-block\"><em>Packungsinhalt:<\/em> 1 handgefertigte Wasserflasche aus Ton<\/p>\n<\/div>\n<p class=\"translation-block\"><em>Pflegehinweis:<\/em> Tauchen Sie die Flasche \u00fcber Nacht in Wasser ein. Nach dem Trocknen verwenden. F\u00fcr die t\u00e4gliche Pflege, verwenden Sie milde Seife und Flaschenreinigungsb\u00fcrste, um die Flasche, regelm\u00e4\u00dfig zu waschen. Behandeln Sie sie mit Vorsicht, da es sich um zerbrechliche Produkte handelt.<\/p>\n\n\t\t<\/div>\n\t<\/div>\n<\/div><\/div><\/div><\/div>","protected":false},"excerpt":{"rendered":"<p>Unsere Ton-Wasserflasche ist handgefertigt, um einen ayurvedischen Lebensstil zu inspirieren. Sie verj\u00fcngt die traditionelle Verwendung von Steingut, entworfen mit einem modernen Ausblick. Wenn das Wasser in der Tonflasche gelagert wird, sickern N\u00e4hrstoffe aus dem Ton und machen das Wasser reich an N\u00e4hrstoffen. Dadurch wird Ihr Stoffwechsel auf nat\u00fcrliche Weise angeregt und die Verdauung verbessert. Ton hilft auch, 50% der Kalkablagerungen im Wasser zu reduzieren.<\/p>\n<p>Die por\u00f6se Natur von Lehm h\u00e4lt das Wasser den ganzen Tag \u00fcber nat\u00fcrlich k\u00fchl, ohne dass es gek\u00fchlt werden muss. Lehm ist auch alkalisch in der Natur, so dass es hilft bei der Aufrechterhaltung der pH-Balance von Wasser. Daher reduzieren Sie die Magen- und S\u00e4ureprobleme und gleichen Ihre Doshas aus.<\/p>\n<p><img loading=\"lazy\" decoding=\"async\" class=\"alignnone size-thumbnail wp-image-550\" src=\"http:\/\/vedaleben.de\/wp-content\/uploads\/2015\/11\/2-logo-150x150.png\" alt=\"\" width=\"150\" height=\"150\" srcset=\"https:\/\/vedaleben.de\/wp-content\/uploads\/2015\/11\/2-logo-150x150.png 150w, https:\/\/vedaleben.de\/wp-content\/uploads\/2015\/11\/2-logo-100x100.png 100w, https:\/\/vedaleben.de\/wp-content\/uploads\/2015\/11\/2-logo.png 200w\" sizes=\"auto, (max-width: 150px) 100vw, 150px\" \/><img loading=\"lazy\" decoding=\"async\" class=\"alignnone size-thumbnail wp-image-551\" src=\"http:\/\/vedaleben.de\/wp-content\/uploads\/2015\/11\/next-2-logo-150x150.png\" alt=\"\" width=\"150\" height=\"150\" srcset=\"https:\/\/vedaleben.de\/wp-content\/uploads\/2015\/11\/next-2-logo-150x150.png 150w, https:\/\/vedaleben.de\/wp-content\/uploads\/2015\/11\/next-2-logo-100x100.png 100w, https:\/\/vedaleben.de\/wp-content\/uploads\/2015\/11\/next-2-logo.png 200w\" sizes=\"auto, (max-width: 150px) 100vw, 150px\" \/><\/p>","protected":false},"featured_media":1259,"comment_status":"open","ping_status":"closed","template":"","meta":[],"product_brand":[],"product_cat":[32],"product_tag":[],"class_list":{"0":"post-87","1":"product","2":"type-product","3":"status-publish","4":"has-post-thumbnail","6":"product_cat-ton-produkte","8":"first","9":"instock","10":"taxable","11":"shipping-taxable","12":"purchasable","13":"product-type-simple"},"yoast_head":"<!-- This site is optimized with the Yoast SEO plugin v27.3 - https:\/\/yoast.com\/product\/yoast-seo-wordpress\/ -->\n<title>Handcrafted Clay Water Bottle - Vedaleben<\/title>\n<meta name=\"robots\" content=\"index, follow, max-snippet:-1, max-image-preview:large, max-video-preview:-1\" \/>\n<link rel=\"canonical\" href=\"https:\/\/vedaleben.de\/de\/produkt\/clay-water-bottle\/\" \/>\n<meta property=\"og:locale\" content=\"de_DE\" \/>\n<meta property=\"og:type\" content=\"article\" \/>\n<meta property=\"og:title\" content=\"Handcrafted Clay Water Bottle - Vedaleben\" \/>\n<meta property=\"og:description\" content=\"Our clay water bottle is handcrafted to inspire an ayurvedic lifestyle, rejuvenating the traditional use of earthenware, designed with a modern outlook. When the water is stored in the clay bottle, nutrients leach from the clay and makes water rich in nutrients. This enhances your metabolism naturally and improve digestion. Clay also helps reduce 50% of the limescale in the water.  Clay&#039;s porous nature keeps the water naturally cool all day without any refrigeration. Clay is also alkaline in nature so it helps in maintaining the pH balance of water. Therefore, reducing the gastric and acidity related problems and balancing your Doshas.\" \/>\n<meta property=\"og:url\" content=\"https:\/\/vedaleben.de\/de\/produkt\/clay-water-bottle\/\" \/>\n<meta property=\"og:site_name\" content=\"Vedaleben\" \/>\n<meta property=\"article:modified_time\" content=\"2025-10-02T17:00:46+00:00\" \/>\n<meta property=\"og:image\" content=\"https:\/\/vedaleben.de\/wp-content\/uploads\/2015\/11\/Clay-water-bottle4.png\" \/>\n\t<meta property=\"og:image:width\" content=\"1080\" \/>\n\t<meta property=\"og:image:height\" content=\"1080\" \/>\n\t<meta property=\"og:image:type\" content=\"image\/png\" \/>\n<meta name=\"twitter:card\" content=\"summary_large_image\" \/>\n<meta name=\"twitter:label1\" content=\"Gesch\u00e4tzte Lesezeit\" \/>\n\t<meta name=\"twitter:data1\" content=\"1\u00a0Minute\" \/>\n<script type=\"application\/ld+json\" class=\"yoast-schema-graph\">{\"@context\":\"https:\\\/\\\/schema.org\",\"@graph\":[{\"@type\":\"WebPage\",\"@id\":\"https:\\\/\\\/vedaleben.de\\\/produkt\\\/clay-water-bottle\\\/\",\"url\":\"https:\\\/\\\/vedaleben.de\\\/produkt\\\/clay-water-bottle\\\/\",\"name\":\"Handcrafted Clay Water Bottle - Vedaleben\",\"isPartOf\":{\"@id\":\"https:\\\/\\\/vedaleben.de\\\/en\\\/#website\"},\"primaryImageOfPage\":{\"@id\":\"https:\\\/\\\/vedaleben.de\\\/produkt\\\/clay-water-bottle\\\/#primaryimage\"},\"image\":{\"@id\":\"https:\\\/\\\/vedaleben.de\\\/produkt\\\/clay-water-bottle\\\/#primaryimage\"},\"thumbnailUrl\":\"https:\\\/\\\/vedaleben.de\\\/wp-content\\\/uploads\\\/2015\\\/11\\\/Clay-water-bottle4.png\",\"datePublished\":\"2015-11-09T14:40:56+00:00\",\"dateModified\":\"2025-10-02T17:00:46+00:00\",\"breadcrumb\":{\"@id\":\"https:\\\/\\\/vedaleben.de\\\/produkt\\\/clay-water-bottle\\\/#breadcrumb\"},\"inLanguage\":\"de\",\"potentialAction\":[{\"@type\":\"ReadAction\",\"target\":[\"https:\\\/\\\/vedaleben.de\\\/produkt\\\/clay-water-bottle\\\/\"]}]},{\"@type\":\"ImageObject\",\"inLanguage\":\"de\",\"@id\":\"https:\\\/\\\/vedaleben.de\\\/produkt\\\/clay-water-bottle\\\/#primaryimage\",\"url\":\"https:\\\/\\\/vedaleben.de\\\/wp-content\\\/uploads\\\/2015\\\/11\\\/Clay-water-bottle4.png\",\"contentUrl\":\"https:\\\/\\\/vedaleben.de\\\/wp-content\\\/uploads\\\/2015\\\/11\\\/Clay-water-bottle4.png\",\"width\":1080,\"height\":1080},{\"@type\":\"BreadcrumbList\",\"@id\":\"https:\\\/\\\/vedaleben.de\\\/produkt\\\/clay-water-bottle\\\/#breadcrumb\",\"itemListElement\":[{\"@type\":\"ListItem\",\"position\":1,\"name\":\"Home\",\"item\":\"https:\\\/\\\/vedaleben.de\\\/\"},{\"@type\":\"ListItem\",\"position\":2,\"name\":\"Shop\",\"item\":\"https:\\\/\\\/vedaleben.de\\\/de\\\/shop\\\/\"},{\"@type\":\"ListItem\",\"position\":3,\"name\":\"Handcrafted Clay Water Bottle\"}]},{\"@type\":\"WebSite\",\"@id\":\"https:\\\/\\\/vedaleben.de\\\/en\\\/#website\",\"url\":\"https:\\\/\\\/vedaleben.de\\\/en\\\/\",\"name\":\"Vedaleben\",\"description\":\"Vedaleben\",\"potentialAction\":[{\"@type\":\"SearchAction\",\"target\":{\"@type\":\"EntryPoint\",\"urlTemplate\":\"https:\\\/\\\/vedaleben.de\\\/en\\\/?s={search_term_string}\"},\"query-input\":{\"@type\":\"PropertyValueSpecification\",\"valueRequired\":true,\"valueName\":\"search_term_string\"}}],\"inLanguage\":\"de\"}]}<\/script>\n<!-- \/ Yoast SEO plugin. -->","yoast_head_json":{"title":"Handcrafted Clay Water Bottle - Vedaleben","robots":{"index":"index","follow":"follow","max-snippet":"max-snippet:-1","max-image-preview":"max-image-preview:large","max-video-preview":"max-video-preview:-1"},"canonical":"https:\/\/vedaleben.de\/de\/produkt\/clay-water-bottle\/","og_locale":"de_DE","og_type":"article","og_title":"Handcrafted Clay Water Bottle - Vedaleben","og_description":"Our clay water bottle is handcrafted to inspire an ayurvedic lifestyle, rejuvenating the traditional use of earthenware, designed with a modern outlook. When the water is stored in the clay bottle, nutrients leach from the clay and makes water rich in nutrients. This enhances your metabolism naturally and improve digestion. Clay also helps reduce 50% of the limescale in the water.  Clay's porous nature keeps the water naturally cool all day without any refrigeration. Clay is also alkaline in nature so it helps in maintaining the pH balance of water. Therefore, reducing the gastric and acidity related problems and balancing your Doshas.","og_url":"https:\/\/vedaleben.de\/de\/produkt\/clay-water-bottle\/","og_site_name":"Vedaleben","article_modified_time":"2025-10-02T17:00:46+00:00","og_image":[{"width":1080,"height":1080,"url":"https:\/\/vedaleben.de\/wp-content\/uploads\/2015\/11\/Clay-water-bottle4.png","type":"image\/png"}],"twitter_card":"summary_large_image","twitter_misc":{"Gesch\u00e4tzte Lesezeit":"1\u00a0Minute"},"schema":{"@context":"https:\/\/schema.org","@graph":[{"@type":"WebPage","@id":"https:\/\/vedaleben.de\/produkt\/clay-water-bottle\/","url":"https:\/\/vedaleben.de\/produkt\/clay-water-bottle\/","name":"Handcrafted Clay Water Bottle - Vedaleben","isPartOf":{"@id":"https:\/\/vedaleben.de\/en\/#website"},"primaryImageOfPage":{"@id":"https:\/\/vedaleben.de\/produkt\/clay-water-bottle\/#primaryimage"},"image":{"@id":"https:\/\/vedaleben.de\/produkt\/clay-water-bottle\/#primaryimage"},"thumbnailUrl":"https:\/\/vedaleben.de\/wp-content\/uploads\/2015\/11\/Clay-water-bottle4.png","datePublished":"2015-11-09T14:40:56+00:00","dateModified":"2025-10-02T17:00:46+00:00","breadcrumb":{"@id":"https:\/\/vedaleben.de\/produkt\/clay-water-bottle\/#breadcrumb"},"inLanguage":"de","potentialAction":[{"@type":"ReadAction","target":["https:\/\/vedaleben.de\/produkt\/clay-water-bottle\/"]}]},{"@type":"ImageObject","inLanguage":"de","@id":"https:\/\/vedaleben.de\/produkt\/clay-water-bottle\/#primaryimage","url":"https:\/\/vedaleben.de\/wp-content\/uploads\/2015\/11\/Clay-water-bottle4.png","contentUrl":"https:\/\/vedaleben.de\/wp-content\/uploads\/2015\/11\/Clay-water-bottle4.png","width":1080,"height":1080},{"@type":"BreadcrumbList","@id":"https:\/\/vedaleben.de\/produkt\/clay-water-bottle\/#breadcrumb","itemListElement":[{"@type":"ListItem","position":1,"name":"Home","item":"https:\/\/vedaleben.de\/"},{"@type":"ListItem","position":2,"name":"Shop","item":"https:\/\/vedaleben.de\/de\/shop\/"},{"@type":"ListItem","position":3,"name":"Handcrafted Clay Water Bottle"}]},{"@type":"WebSite","@id":"https:\/\/vedaleben.de\/en\/#website","url":"https:\/\/vedaleben.de\/en\/","name":"Vedaleben","description":"Vedaleben","potentialAction":[{"@type":"SearchAction","target":{"@type":"EntryPoint","urlTemplate":"https:\/\/vedaleben.de\/en\/?s={search_term_string}"},"query-input":{"@type":"PropertyValueSpecification","valueRequired":true,"valueName":"search_term_string"}}],"inLanguage":"de"}]}},"jetpack_sharing_enabled":true,"_links":{"self":[{"href":"https:\/\/vedaleben.de\/de\/wp-json\/wp\/v2\/product\/87","targetHints":{"allow":["GET"]}}],"collection":[{"href":"https:\/\/vedaleben.de\/de\/wp-json\/wp\/v2\/product"}],"about":[{"href":"https:\/\/vedaleben.de\/de\/wp-json\/wp\/v2\/types\/product"}],"replies":[{"embeddable":true,"href":"https:\/\/vedaleben.de\/de\/wp-json\/wp\/v2\/comments?post=87"}],"wp:featuredmedia":[{"embeddable":true,"href":"https:\/\/vedaleben.de\/de\/wp-json\/wp\/v2\/media\/1259"}],"wp:attachment":[{"href":"https:\/\/vedaleben.de\/de\/wp-json\/wp\/v2\/media?parent=87"}],"wp:term":[{"taxonomy":"product_brand","embeddable":true,"href":"https:\/\/vedaleben.de\/de\/wp-json\/wp\/v2\/product_brand?post=87"},{"taxonomy":"product_cat","embeddable":true,"href":"https:\/\/vedaleben.de\/de\/wp-json\/wp\/v2\/product_cat?post=87"},{"taxonomy":"product_tag","embeddable":true,"href":"https:\/\/vedaleben.de\/de\/wp-json\/wp\/v2\/product_tag?post=87"}],"curies":[{"name":"wp","href":"https:\/\/api.w.org\/{rel}","templated":true}]}}